{"id":1065,"date":"2025-11-14T09:45:13","date_gmt":"2025-11-14T08:45:13","guid":{"rendered":"https:\/\/distevi.com\/recursos-tecnicos\/"},"modified":"2026-03-02T08:48:33","modified_gmt":"2026-03-02T07:48:33","slug":"technical-resources","status":"publish","type":"page","link":"https:\/\/distevi.com\/en\/industrial-precision-machining\/technical-resources\/","title":{"rendered":"Ressources"},"content":{"rendered":"\t\t<div data-elementor-type=\"wp-page\" data-elementor-id=\"1065\" class=\"elementor elementor-1065 elementor-675\" data-elementor-post-type=\"page\">\n\t\t\t\t<div class=\"elementor-element elementor-element-d56aad6 e-con-full e-flex e-con e-parent\" data-id=\"d56aad6\" data-element_type=\"container\" data-e-type=\"container\">\n\t\t\t\t<div class=\"elementor-element elementor-element-bab129d elementor-widget elementor-widget-template\" data-id=\"bab129d\" data-element_type=\"widget\" data-e-type=\"widget\" data-widget_type=\"template.default\">\n\t\t\t\t<div class=\"elementor-widget-container\">\n\t\t\t\t\t\t\t<div class=\"elementor-template\">\n\t\t\t\t\t<div data-elementor-type=\"container\" data-elementor-id=\"1097\" class=\"elementor elementor-1097 elementor-615\" data-elementor-post-type=\"elementor_library\">\n\t\t\t\t<div class=\"elementor-element elementor-element-3e2ae063 e-con-full e-flex e-con e-parent\" data-id=\"3e2ae063\" data-element_type=\"container\" data-e-type=\"container\">\n\t\t<div class=\"elementor-element elementor-element-1a653a9c bg-multi e-flex e-con-boxed e-con e-child\" data-id=\"1a653a9c\" data-element_type=\"container\" data-e-type=\"container\" data-settings=\"{&quot;background_background&quot;:&quot;classic&quot;}\">\n\t\t\t\t\t<div class=\"e-con-inner\">\n\t\t<div class=\"elementor-element elementor-element-302f872 e-con-full animated-fast e-flex elementor-invisible e-con e-child\" data-id=\"302f872\" data-element_type=\"container\" data-e-type=\"container\" data-settings=\"{&quot;animation&quot;:&quot;fadeIn&quot;}\">\n\t\t\t\t<div class=\"elementor-element elementor-element-c2aa6 elementor-widget elementor-widget-breadcrumbs\" data-id=\"c2aa6\" data-element_type=\"widget\" data-e-type=\"widget\" data-widget_type=\"breadcrumbs.default\">\n\t\t\t\t<div class=\"elementor-widget-container\">\n\t\t\t\t\t<span id=\"breadcrumbs\"><span><span><a href=\"https:\/\/distevi.com\/en\/\">Home<\/a><\/span><\/span><\/span>\t\t\t\t<\/div>\n\t\t\t\t<\/div>\n\t\t\t\t<\/div>\n\t\t\t\t\t<\/div>\n\t\t\t\t<\/div>\n\t\t\t\t<\/div>\n\t\t\t\t<\/div>\n\t\t\t\t<\/div>\n\t\t\t\t\t\t<\/div>\n\t\t\t\t<\/div>\n\t\t\t\t<\/div>\n\t\t<div class=\"elementor-element elementor-element-2d0686e e-flex e-con-boxed e-con e-parent\" data-id=\"2d0686e\" data-element_type=\"container\" data-e-type=\"container\">\n\t\t\t\t\t<div class=\"e-con-inner\">\n\t\t\t\t<div class=\"elementor-element elementor-element-ddfce7f elementor-widget__width-initial elementor-widget elementor-widget-text-editor\" data-id=\"ddfce7f\" data-element_type=\"widget\" data-e-type=\"widget\" data-widget_type=\"text-editor.default\">\n\t\t\t\t<div class=\"elementor-widget-container\">\n\t\t\t\t\t\t\t\t\t<p>At DISTEVI Precision Machining we have the internal resources to manage machining and tooling projects independently\u2014from initial technical concept through to final validation. Our structure is designed to deliver complete, adaptable, and fully traceable solutions.<\/p>\t\t\t\t\t\t\t\t<\/div>\n\t\t\t\t<\/div>\n\t\t\t\t\t<\/div>\n\t\t\t\t<\/div>\n\t\t<div class=\"elementor-element elementor-element-f241d0a e-grid e-con-boxed e-con e-parent\" data-id=\"f241d0a\" data-element_type=\"container\" data-e-type=\"container\">\n\t\t\t\t\t<div class=\"e-con-inner\">\n\t\t<div class=\"elementor-element elementor-element-4ba50b9 e-con-full e-flex e-con e-child\" data-id=\"4ba50b9\" data-element_type=\"container\" data-e-type=\"container\">\n\t\t\t\t<div class=\"elementor-element elementor-element-60e7b7b elementor-position-inline-start elementor-view-default elementor-mobile-position-block-start elementor-widget elementor-widget-icon-box\" data-id=\"60e7b7b\" data-element_type=\"widget\" data-e-type=\"widget\" data-widget_type=\"icon-box.default\">\n\t\t\t\t<div class=\"elementor-widget-container\">\n\t\t\t\t\t\t\t<div class=\"elementor-icon-box-wrapper\">\n\n\t\t\t\t\t\t<div class=\"elementor-icon-box-icon\">\n\t\t\t\t<span  class=\"elementor-icon\">\n\t\t\t\t<svg xmlns=\"http:\/\/www.w3.org\/2000\/svg\" id=\"Isolation_Mode\" data-name=\"Isolation Mode\" viewBox=\"0 0 24 24\" width=\"512\" height=\"512\"><path d=\"M11.16,11.693,9.4,9.866,7.24,11.945l2.2,2.287a2.363,2.363,0,0,0,1.674.74h.037a2.368,2.368,0,0,0,1.662-.688l5.021-5.023L15.712,7.141Z\"><\/path><path d=\"M11.922,24l-.531-.237C11.007,23.589,2,19.5,2,12V5.525A3,3,0,0,1,4.052,2.679L12,.03l7.949,2.65A2.994,2.994,0,0,1,22,5.525V12c0,8.539-9.137,11.682-9.526,11.812ZM12,3.192,5,5.525V12c0,4.67,5.344,7.847,7.077,8.753C13.819,20.026,19,17.408,19,12V5.525Z\"><\/path><\/svg>\t\t\t\t<\/span>\n\t\t\t<\/div>\n\t\t\t\n\t\t\t\t\t\t<div class=\"elementor-icon-box-content\">\n\n\t\t\t\t\t\t\t\t\t<h3 class=\"elementor-icon-box-title\">\n\t\t\t\t\t\t<span  >\n\t\t\t\t\t\t\tEngineering &amp; Technical Office\t\t\t\t\t\t<\/span>\n\t\t\t\t\t<\/h3>\n\t\t\t\t\n\t\t\t\t\t\t\t\t\t<p class=\"elementor-icon-box-description\">\n\t\t\t\t\t\tOur engineering team handles functional analysis, 3D CAD design, geometric optimization, and material selection in close collaboration with the client. We use advanced CAD\/CAM tools to ensure accuracy from the design stageonward.\t\t\t\t\t<\/p>\n\t\t\t\t\n\t\t\t<\/div>\n\t\t\t\n\t\t<\/div>\n\t\t\t\t\t\t<\/div>\n\t\t\t\t<\/div>\n\t\t\t\t<div class=\"elementor-element elementor-element-20c585b elementor-position-inline-start elementor-view-default elementor-mobile-position-block-start elementor-widget elementor-widget-icon-box\" data-id=\"20c585b\" data-element_type=\"widget\" data-e-type=\"widget\" data-widget_type=\"icon-box.default\">\n\t\t\t\t<div class=\"elementor-widget-container\">\n\t\t\t\t\t\t\t<div class=\"elementor-icon-box-wrapper\">\n\n\t\t\t\t\t\t<div class=\"elementor-icon-box-icon\">\n\t\t\t\t<span  class=\"elementor-icon\">\n\t\t\t\t<svg xmlns=\"http:\/\/www.w3.org\/2000\/svg\" id=\"Isolation_Mode\" data-name=\"Isolation Mode\" viewBox=\"0 0 24 24\" width=\"512\" height=\"512\"><path d=\"M11.16,11.693,9.4,9.866,7.24,11.945l2.2,2.287a2.363,2.363,0,0,0,1.674.74h.037a2.368,2.368,0,0,0,1.662-.688l5.021-5.023L15.712,7.141Z\"><\/path><path d=\"M11.922,24l-.531-.237C11.007,23.589,2,19.5,2,12V5.525A3,3,0,0,1,4.052,2.679L12,.03l7.949,2.65A2.994,2.994,0,0,1,22,5.525V12c0,8.539-9.137,11.682-9.526,11.812ZM12,3.192,5,5.525V12c0,4.67,5.344,7.847,7.077,8.753C13.819,20.026,19,17.408,19,12V5.525Z\"><\/path><\/svg>\t\t\t\t<\/span>\n\t\t\t<\/div>\n\t\t\t\n\t\t\t\t\t\t<div class=\"elementor-icon-box-content\">\n\n\t\t\t\t\t\t\t\t\t<h3 class=\"elementor-icon-box-title\">\n\t\t\t\t\t\t<span  >\n\t\t\t\t\t\t\tManagement\t\t\t\t\t\t<\/span>\n\t\t\t\t\t<\/h3>\n\t\t\t\t\n\t\t\t\t\t\t\t\t\t<p class=\"elementor-icon-box-description\">\n\t\t\t\t\t\tWe apply a structured methodology throughout every phase: planning, execution, validation, and delivery. This allows us to meet deadlines, coordinate multidisciplinary teams, and maintain clear communication with our clients.\t\t\t\t\t<\/p>\n\t\t\t\t\n\t\t\t<\/div>\n\t\t\t\n\t\t<\/div>\n\t\t\t\t\t\t<\/div>\n\t\t\t\t<\/div>\n\t\t\t\t<div class=\"elementor-element elementor-element-cc9d0eb elementor-position-inline-start elementor-view-default elementor-mobile-position-block-start elementor-widget elementor-widget-icon-box\" data-id=\"cc9d0eb\" data-element_type=\"widget\" data-e-type=\"widget\" data-widget_type=\"icon-box.default\">\n\t\t\t\t<div class=\"elementor-widget-container\">\n\t\t\t\t\t\t\t<div class=\"elementor-icon-box-wrapper\">\n\n\t\t\t\t\t\t<div class=\"elementor-icon-box-icon\">\n\t\t\t\t<span  class=\"elementor-icon\">\n\t\t\t\t<svg xmlns=\"http:\/\/www.w3.org\/2000\/svg\" id=\"Isolation_Mode\" data-name=\"Isolation Mode\" viewBox=\"0 0 24 24\" width=\"512\" height=\"512\"><path d=\"M11.16,11.693,9.4,9.866,7.24,11.945l2.2,2.287a2.363,2.363,0,0,0,1.674.74h.037a2.368,2.368,0,0,0,1.662-.688l5.021-5.023L15.712,7.141Z\"><\/path><path d=\"M11.922,24l-.531-.237C11.007,23.589,2,19.5,2,12V5.525A3,3,0,0,1,4.052,2.679L12,.03l7.949,2.65A2.994,2.994,0,0,1,22,5.525V12c0,8.539-9.137,11.682-9.526,11.812ZM12,3.192,5,5.525V12c0,4.67,5.344,7.847,7.077,8.753C13.819,20.026,19,17.408,19,12V5.525Z\"><\/path><\/svg>\t\t\t\t<\/span>\n\t\t\t<\/div>\n\t\t\t\n\t\t\t\t\t\t<div class=\"elementor-icon-box-content\">\n\n\t\t\t\t\t\t\t\t\t<h3 class=\"elementor-icon-box-title\">\n\t\t\t\t\t\t<span  >\n\t\t\t\t\t\t\tCNC Manufacturing\t\t\t\t\t\t<\/span>\n\t\t\t\t\t<\/h3>\n\t\t\t\t\n\t\t\t\t\t\t\t\t\t<p class=\"elementor-icon-box-description\">\n\t\t\t\t\t\tWe have high-precision CNC (Computer Numerical Control) machinery for milling, turning, and multi-axis machining operations. We can work with a wide variety of materials: treated steels, stainless steels, engineering aluminum, engineering plastics, and others. We also have a climate-controlled chamber for manufacturing high-precision parts.\t\t\t\t\t<\/p>\n\t\t\t\t\n\t\t\t<\/div>\n\t\t\t\n\t\t<\/div>\n\t\t\t\t\t\t<\/div>\n\t\t\t\t<\/div>\n\t\t\t\t<\/div>\n\t\t\t\t<div class=\"elementor-element elementor-element-a7cb860 elementor-hidden-tablet_extra elementor-hidden-tablet elementor-hidden-mobile elementor-invisible elementor-widget elementor-widget-image\" data-id=\"a7cb860\" data-element_type=\"widget\" data-e-type=\"widget\" data-settings=\"{&quot;_animation&quot;:&quot;fadeInRight&quot;}\" data-widget_type=\"image.default\">\n\t\t\t\t<div class=\"elementor-widget-container\">\n\t\t\t\t\t\t\t\t\t\t\t\t\t\t\t<img fetchpriority=\"high\" decoding=\"async\" width=\"800\" height=\"708\" src=\"https:\/\/distevi.com\/wp-content\/uploads\/2025\/11\/planta-produccion-distevi-1-1024x906.jpg\" class=\"attachment-large size-large wp-image-1309\" alt=\"\" srcset=\"https:\/\/distevi.com\/wp-content\/uploads\/2025\/11\/planta-produccion-distevi-1-1024x906.jpg 1024w, https:\/\/distevi.com\/wp-content\/uploads\/2025\/11\/planta-produccion-distevi-1-300x265.jpg 300w, https:\/\/distevi.com\/wp-content\/uploads\/2025\/11\/planta-produccion-distevi-1-768x680.jpg 768w, https:\/\/distevi.com\/wp-content\/uploads\/2025\/11\/planta-produccion-distevi-1.jpg 1120w\" sizes=\"(max-width: 800px) 100vw, 800px\" \/>\t\t\t\t\t\t\t\t\t\t\t\t\t\t\t<\/div>\n\t\t\t\t<\/div>\n\t\t\t\t\t<\/div>\n\t\t\t\t<\/div>\n\t\t<div class=\"elementor-element elementor-element-a0c4194 e-grid e-con-boxed e-con e-parent\" data-id=\"a0c4194\" data-element_type=\"container\" data-e-type=\"container\">\n\t\t\t\t\t<div class=\"e-con-inner\">\n\t\t\t\t<div class=\"elementor-element elementor-element-2c98fc7 elementor-invisible elementor-widget elementor-widget-image\" data-id=\"2c98fc7\" data-element_type=\"widget\" data-e-type=\"widget\" data-settings=\"{&quot;_animation&quot;:&quot;fadeInLeft&quot;}\" data-widget_type=\"image.default\">\n\t\t\t\t<div class=\"elementor-widget-container\">\n\t\t\t\t\t\t\t\t\t\t\t\t\t\t\t<img decoding=\"async\" width=\"800\" height=\"708\" src=\"https:\/\/distevi.com\/wp-content\/uploads\/2025\/12\/montaje-mecanico-distevi.jpg\" class=\"attachment-large size-large wp-image-1310\" alt=\"Montaje mec\u00e1nico Distevi\" srcset=\"https:\/\/distevi.com\/wp-content\/uploads\/2025\/12\/montaje-mecanico-distevi.jpg 1024w, https:\/\/distevi.com\/wp-content\/uploads\/2025\/12\/montaje-mecanico-distevi-300x265.jpg 300w, https:\/\/distevi.com\/wp-content\/uploads\/2025\/12\/montaje-mecanico-distevi-768x680.jpg 768w\" sizes=\"(max-width: 800px) 100vw, 800px\" \/>\t\t\t\t\t\t\t\t\t\t\t\t\t\t\t<\/div>\n\t\t\t\t<\/div>\n\t\t<div class=\"elementor-element elementor-element-9060a2b e-con-full e-flex e-con e-child\" data-id=\"9060a2b\" data-element_type=\"container\" data-e-type=\"container\">\n\t\t\t\t<div class=\"elementor-element elementor-element-2cb24de elementor-position-inline-start elementor-view-default elementor-mobile-position-block-start elementor-widget elementor-widget-icon-box\" data-id=\"2cb24de\" data-element_type=\"widget\" data-e-type=\"widget\" data-widget_type=\"icon-box.default\">\n\t\t\t\t<div class=\"elementor-widget-container\">\n\t\t\t\t\t\t\t<div class=\"elementor-icon-box-wrapper\">\n\n\t\t\t\t\t\t<div class=\"elementor-icon-box-icon\">\n\t\t\t\t<span  class=\"elementor-icon\">\n\t\t\t\t<svg xmlns=\"http:\/\/www.w3.org\/2000\/svg\" id=\"Isolation_Mode\" data-name=\"Isolation Mode\" viewBox=\"0 0 24 24\" width=\"512\" height=\"512\"><path d=\"M11.16,11.693,9.4,9.866,7.24,11.945l2.2,2.287a2.363,2.363,0,0,0,1.674.74h.037a2.368,2.368,0,0,0,1.662-.688l5.021-5.023L15.712,7.141Z\"><\/path><path d=\"M11.922,24l-.531-.237C11.007,23.589,2,19.5,2,12V5.525A3,3,0,0,1,4.052,2.679L12,.03l7.949,2.65A2.994,2.994,0,0,1,22,5.525V12c0,8.539-9.137,11.682-9.526,11.812ZM12,3.192,5,5.525V12c0,4.67,5.344,7.847,7.077,8.753C13.819,20.026,19,17.408,19,12V5.525Z\"><\/path><\/svg>\t\t\t\t<\/span>\n\t\t\t<\/div>\n\t\t\t\n\t\t\t\t\t\t<div class=\"elementor-icon-box-content\">\n\n\t\t\t\t\t\t\t\t\t<h3 class=\"elementor-icon-box-title\">\n\t\t\t\t\t\t<span  >\n\t\t\t\t\t\t\tMechanical Assembly\t\t\t\t\t\t<\/span>\n\t\t\t\t\t<\/h3>\n\t\t\t\t\n\t\t\t\t\t\t\t\t\t<p class=\"elementor-icon-box-description\">\n\t\t\t\t\t\tWe carry out the assembly, fitting, and functional testing of manufactured tooling, ensuring integration and correct operation before delivery. We also perform pre-assembly and validation processes according to client specifications.\t\t\t\t\t<\/p>\n\t\t\t\t\n\t\t\t<\/div>\n\t\t\t\n\t\t<\/div>\n\t\t\t\t\t\t<\/div>\n\t\t\t\t<\/div>\n\t\t\t\t<div class=\"elementor-element elementor-element-fa71b5b elementor-position-inline-start elementor-view-default elementor-mobile-position-block-start elementor-widget elementor-widget-icon-box\" data-id=\"fa71b5b\" data-element_type=\"widget\" data-e-type=\"widget\" data-widget_type=\"icon-box.default\">\n\t\t\t\t<div class=\"elementor-widget-container\">\n\t\t\t\t\t\t\t<div class=\"elementor-icon-box-wrapper\">\n\n\t\t\t\t\t\t<div class=\"elementor-icon-box-icon\">\n\t\t\t\t<span  class=\"elementor-icon\">\n\t\t\t\t<svg xmlns=\"http:\/\/www.w3.org\/2000\/svg\" id=\"Isolation_Mode\" data-name=\"Isolation Mode\" viewBox=\"0 0 24 24\" width=\"512\" height=\"512\"><path d=\"M11.16,11.693,9.4,9.866,7.24,11.945l2.2,2.287a2.363,2.363,0,0,0,1.674.74h.037a2.368,2.368,0,0,0,1.662-.688l5.021-5.023L15.712,7.141Z\"><\/path><path d=\"M11.922,24l-.531-.237C11.007,23.589,2,19.5,2,12V5.525A3,3,0,0,1,4.052,2.679L12,.03l7.949,2.65A2.994,2.994,0,0,1,22,5.525V12c0,8.539-9.137,11.682-9.526,11.812ZM12,3.192,5,5.525V12c0,4.67,5.344,7.847,7.077,8.753C13.819,20.026,19,17.408,19,12V5.525Z\"><\/path><\/svg>\t\t\t\t<\/span>\n\t\t\t<\/div>\n\t\t\t\n\t\t\t\t\t\t<div class=\"elementor-icon-box-content\">\n\n\t\t\t\t\t\t\t\t\t<h3 class=\"elementor-icon-box-title\">\n\t\t\t\t\t\t<span  >\n\t\t\t\t\t\t\tDimensional Control Laboratory\t\t\t\t\t\t<\/span>\n\t\t\t\t\t<\/h3>\n\t\t\t\t\n\t\t\t\t\t\t\t\t\t<p class=\"elementor-icon-box-description\">\n\t\t\t\t\t\tOur inspection area is equipped with high-precision instruments: micrometers, height gauges, comparators, gauge blocks, and digital measuring systems. We provide dimensional inspection reports and technical documentation upon request.\t\t\t\t\t<\/p>\n\t\t\t\t\n\t\t\t<\/div>\n\t\t\t\n\t\t<\/div>\n\t\t\t\t\t\t<\/div>\n\t\t\t\t<\/div>\n\t\t\t\t<div class=\"elementor-element elementor-element-06e16ab elementor-position-inline-start elementor-view-default elementor-mobile-position-block-start elementor-widget elementor-widget-icon-box\" data-id=\"06e16ab\" data-element_type=\"widget\" data-e-type=\"widget\" data-widget_type=\"icon-box.default\">\n\t\t\t\t<div class=\"elementor-widget-container\">\n\t\t\t\t\t\t\t<div class=\"elementor-icon-box-wrapper\">\n\n\t\t\t\t\t\t<div class=\"elementor-icon-box-icon\">\n\t\t\t\t<span  class=\"elementor-icon\">\n\t\t\t\t<svg xmlns=\"http:\/\/www.w3.org\/2000\/svg\" id=\"Isolation_Mode\" data-name=\"Isolation Mode\" viewBox=\"0 0 24 24\" width=\"512\" height=\"512\"><path d=\"M11.16,11.693,9.4,9.866,7.24,11.945l2.2,2.287a2.363,2.363,0,0,0,1.674.74h.037a2.368,2.368,0,0,0,1.662-.688l5.021-5.023L15.712,7.141Z\"><\/path><path d=\"M11.922,24l-.531-.237C11.007,23.589,2,19.5,2,12V5.525A3,3,0,0,1,4.052,2.679L12,.03l7.949,2.65A2.994,2.994,0,0,1,22,5.525V12c0,8.539-9.137,11.682-9.526,11.812ZM12,3.192,5,5.525V12c0,4.67,5.344,7.847,7.077,8.753C13.819,20.026,19,17.408,19,12V5.525Z\"><\/path><\/svg>\t\t\t\t<\/span>\n\t\t\t<\/div>\n\t\t\t\n\t\t\t\t\t\t<div class=\"elementor-icon-box-content\">\n\n\t\t\t\t\t\t\t\t\t<h3 class=\"elementor-icon-box-title\">\n\t\t\t\t\t\t<span  >\n\t\t\t\t\t\t\tAdditional Capabilities\t\t\t\t\t\t<\/span>\n\t\t\t\t\t<\/h3>\n\t\t\t\t\n\t\t\t\t\t\t\t\t\t<p class=\"elementor-icon-box-description\">\n\t\t\t\t\t\tBeyond our core processes, we work with a trusted network of certified technical partners for special processes such as heat treatments, coatings, and welding\u2014always under our supervision and quality standards.\t\t\t\t\t<\/p>\n\t\t\t\t\n\t\t\t<\/div>\n\t\t\t\n\t\t<\/div>\n\t\t\t\t\t\t<\/div>\n\t\t\t\t<\/div>\n\t\t\t\t<\/div>\n\t\t\t\t\t<\/div>\n\t\t\t\t<\/div>\n\t\t\t\t<\/div>\n\t\t","protected":false},"excerpt":{"rendered":"<p>At DISTEVI Precision Machining we have the internal resources to manage machining and tooling projects independently\u2014from initial technical concept through to final validation. Our structure is designed to deliver complete, adaptable, and fully traceable solutions. Engineering &amp; Technical Office Our engineering team handles functional analysis, 3D CAD design, geometric optimization, and material selection in close [&hellip;]<\/p>\n","protected":false},"author":1,"featured_media":1067,"parent":1081,"menu_order":0,"comment_status":"closed","ping_status":"closed","template":"","meta":{"footnotes":""},"class_list":["post-1065","page","type-page","status-publish","has-post-thumbnail","hentry"],"yoast_head":"<!-- This site is optimized with the Yoast SEO plugin v26.9 - https:\/\/yoast.com\/product\/yoast-seo-wordpress\/ -->\n<title>Technical resources for industrial machining &#8211; DISTEVI<\/title>\n<meta name=\"description\" content=\"Discover DISTEVI&#039;s technical resources: engineering, CNC, dimensional control and project management for industrial machining.\" \/>\n<meta name=\"robots\" content=\"index, follow, max-snippet:-1, max-image-preview:large, max-video-preview:-1\" \/>\n<link rel=\"canonical\" href=\"https:\/\/distevi.com\/en\/industrial-precision-machining\/technical-resources\/\" \/>\n<meta property=\"og:locale\" content=\"en_US\" \/>\n<meta property=\"og:type\" content=\"article\" \/>\n<meta property=\"og:title\" content=\"Technical resources for industrial machining &#8211; DISTEVI\" \/>\n<meta property=\"og:description\" content=\"Discover DISTEVI&#039;s technical resources: engineering, CNC, dimensional control and project management for industrial machining.\" \/>\n<meta property=\"og:url\" content=\"https:\/\/distevi.com\/en\/industrial-precision-machining\/technical-resources\/\" \/>\n<meta property=\"og:site_name\" content=\"DISTEVI\" \/>\n<meta property=\"article:modified_time\" content=\"2026-03-02T07:48:33+00:00\" \/>\n<meta property=\"og:image\" content=\"https:\/\/distevi.com\/wp-content\/uploads\/2025\/12\/encabezado-recursos.jpg\" \/>\n\t<meta property=\"og:image:width\" content=\"1920\" \/>\n\t<meta property=\"og:image:height\" content=\"600\" \/>\n\t<meta property=\"og:image:type\" content=\"image\/jpeg\" \/>\n<meta name=\"twitter:card\" content=\"summary_large_image\" \/>\n<meta name=\"twitter:label1\" content=\"Est. reading time\" \/>\n\t<meta name=\"twitter:data1\" content=\"1 minute\" \/>\n<script type=\"application\/ld+json\" class=\"yoast-schema-graph\">{\"@context\":\"https:\/\/schema.org\",\"@graph\":[{\"@type\":\"WebPage\",\"@id\":\"https:\/\/distevi.com\/en\/industrial-precision-machining\/technical-resources\/\",\"url\":\"https:\/\/distevi.com\/en\/industrial-precision-machining\/technical-resources\/\",\"name\":\"Technical resources for industrial machining &#8211; DISTEVI\",\"isPartOf\":{\"@id\":\"https:\/\/distevi.com\/en\/#website\"},\"primaryImageOfPage\":{\"@id\":\"https:\/\/distevi.com\/en\/industrial-precision-machining\/technical-resources\/#primaryimage\"},\"image\":{\"@id\":\"https:\/\/distevi.com\/en\/industrial-precision-machining\/technical-resources\/#primaryimage\"},\"thumbnailUrl\":\"https:\/\/distevi.com\/wp-content\/uploads\/2025\/12\/encabezado-recursos.jpg\",\"datePublished\":\"2025-11-14T08:45:13+00:00\",\"dateModified\":\"2026-03-02T07:48:33+00:00\",\"description\":\"Discover DISTEVI's technical resources: engineering, CNC, dimensional control and project management for industrial machining.\",\"breadcrumb\":{\"@id\":\"https:\/\/distevi.com\/en\/industrial-precision-machining\/technical-resources\/#breadcrumb\"},\"inLanguage\":\"en-US\",\"potentialAction\":[{\"@type\":\"ReadAction\",\"target\":[\"https:\/\/distevi.com\/en\/industrial-precision-machining\/technical-resources\/\"]}]},{\"@type\":\"ImageObject\",\"inLanguage\":\"en-US\",\"@id\":\"https:\/\/distevi.com\/en\/industrial-precision-machining\/technical-resources\/#primaryimage\",\"url\":\"https:\/\/distevi.com\/wp-content\/uploads\/2025\/12\/encabezado-recursos.jpg\",\"contentUrl\":\"https:\/\/distevi.com\/wp-content\/uploads\/2025\/12\/encabezado-recursos.jpg\",\"width\":1920,\"height\":600},{\"@type\":\"BreadcrumbList\",\"@id\":\"https:\/\/distevi.com\/en\/industrial-precision-machining\/technical-resources\/#breadcrumb\",\"itemListElement\":[{\"@type\":\"ListItem\",\"position\":1,\"name\":\"Home\",\"item\":\"https:\/\/distevi.com\/en\/\"},{\"@type\":\"ListItem\",\"position\":2,\"name\":\"Precision Machining\",\"item\":\"https:\/\/distevi.com\/en\/industrial-precision-machining\/\"},{\"@type\":\"ListItem\",\"position\":3,\"name\":\"Ressources\"}]},{\"@type\":\"WebSite\",\"@id\":\"https:\/\/distevi.com\/en\/#website\",\"url\":\"https:\/\/distevi.com\/en\/\",\"name\":\"DISTEVI\",\"description\":\"Ingenier\u00eda de procesos - L\u00edneas de producci\u00f3n y maquinaria especial\",\"potentialAction\":[{\"@type\":\"SearchAction\",\"target\":{\"@type\":\"EntryPoint\",\"urlTemplate\":\"https:\/\/distevi.com\/en\/?s={search_term_string}\"},\"query-input\":{\"@type\":\"PropertyValueSpecification\",\"valueRequired\":true,\"valueName\":\"search_term_string\"}}],\"inLanguage\":\"en-US\"}]}<\/script>\n<!-- \/ Yoast SEO plugin. -->","yoast_head_json":{"title":"Technical resources for industrial machining &#8211; DISTEVI","description":"Discover DISTEVI's technical resources: engineering, CNC, dimensional control and project management for industrial machining.","robots":{"index":"index","follow":"follow","max-snippet":"max-snippet:-1","max-image-preview":"max-image-preview:large","max-video-preview":"max-video-preview:-1"},"canonical":"https:\/\/distevi.com\/en\/industrial-precision-machining\/technical-resources\/","og_locale":"en_US","og_type":"article","og_title":"Technical resources for industrial machining &#8211; DISTEVI","og_description":"Discover DISTEVI's technical resources: engineering, CNC, dimensional control and project management for industrial machining.","og_url":"https:\/\/distevi.com\/en\/industrial-precision-machining\/technical-resources\/","og_site_name":"DISTEVI","article_modified_time":"2026-03-02T07:48:33+00:00","og_image":[{"width":1920,"height":600,"url":"https:\/\/distevi.com\/wp-content\/uploads\/2025\/12\/encabezado-recursos.jpg","type":"image\/jpeg"}],"twitter_card":"summary_large_image","twitter_misc":{"Est. reading time":"1 minute"},"schema":{"@context":"https:\/\/schema.org","@graph":[{"@type":"WebPage","@id":"https:\/\/distevi.com\/en\/industrial-precision-machining\/technical-resources\/","url":"https:\/\/distevi.com\/en\/industrial-precision-machining\/technical-resources\/","name":"Technical resources for industrial machining &#8211; DISTEVI","isPartOf":{"@id":"https:\/\/distevi.com\/en\/#website"},"primaryImageOfPage":{"@id":"https:\/\/distevi.com\/en\/industrial-precision-machining\/technical-resources\/#primaryimage"},"image":{"@id":"https:\/\/distevi.com\/en\/industrial-precision-machining\/technical-resources\/#primaryimage"},"thumbnailUrl":"https:\/\/distevi.com\/wp-content\/uploads\/2025\/12\/encabezado-recursos.jpg","datePublished":"2025-11-14T08:45:13+00:00","dateModified":"2026-03-02T07:48:33+00:00","description":"Discover DISTEVI's technical resources: engineering, CNC, dimensional control and project management for industrial machining.","breadcrumb":{"@id":"https:\/\/distevi.com\/en\/industrial-precision-machining\/technical-resources\/#breadcrumb"},"inLanguage":"en-US","potentialAction":[{"@type":"ReadAction","target":["https:\/\/distevi.com\/en\/industrial-precision-machining\/technical-resources\/"]}]},{"@type":"ImageObject","inLanguage":"en-US","@id":"https:\/\/distevi.com\/en\/industrial-precision-machining\/technical-resources\/#primaryimage","url":"https:\/\/distevi.com\/wp-content\/uploads\/2025\/12\/encabezado-recursos.jpg","contentUrl":"https:\/\/distevi.com\/wp-content\/uploads\/2025\/12\/encabezado-recursos.jpg","width":1920,"height":600},{"@type":"BreadcrumbList","@id":"https:\/\/distevi.com\/en\/industrial-precision-machining\/technical-resources\/#breadcrumb","itemListElement":[{"@type":"ListItem","position":1,"name":"Home","item":"https:\/\/distevi.com\/en\/"},{"@type":"ListItem","position":2,"name":"Precision Machining","item":"https:\/\/distevi.com\/en\/industrial-precision-machining\/"},{"@type":"ListItem","position":3,"name":"Ressources"}]},{"@type":"WebSite","@id":"https:\/\/distevi.com\/en\/#website","url":"https:\/\/distevi.com\/en\/","name":"DISTEVI","description":"Ingenier\u00eda de procesos - L\u00edneas de producci\u00f3n y maquinaria especial","potentialAction":[{"@type":"SearchAction","target":{"@type":"EntryPoint","urlTemplate":"https:\/\/distevi.com\/en\/?s={search_term_string}"},"query-input":{"@type":"PropertyValueSpecification","valueRequired":true,"valueName":"search_term_string"}}],"inLanguage":"en-US"}]}},"_links":{"self":[{"href":"https:\/\/distevi.com\/en\/wp-json\/wp\/v2\/pages\/1065","targetHints":{"allow":["GET"]}}],"collection":[{"href":"https:\/\/distevi.com\/en\/wp-json\/wp\/v2\/pages"}],"about":[{"href":"https:\/\/distevi.com\/en\/wp-json\/wp\/v2\/types\/page"}],"author":[{"embeddable":true,"href":"https:\/\/distevi.com\/en\/wp-json\/wp\/v2\/users\/1"}],"replies":[{"embeddable":true,"href":"https:\/\/distevi.com\/en\/wp-json\/wp\/v2\/comments?post=1065"}],"version-history":[{"count":10,"href":"https:\/\/distevi.com\/en\/wp-json\/wp\/v2\/pages\/1065\/revisions"}],"predecessor-version":[{"id":1400,"href":"https:\/\/distevi.com\/en\/wp-json\/wp\/v2\/pages\/1065\/revisions\/1400"}],"up":[{"embeddable":true,"href":"https:\/\/distevi.com\/en\/wp-json\/wp\/v2\/pages\/1081"}],"wp:featuredmedia":[{"embeddable":true,"href":"https:\/\/distevi.com\/en\/wp-json\/wp\/v2\/media\/1067"}],"wp:attachment":[{"href":"https:\/\/distevi.com\/en\/wp-json\/wp\/v2\/media?parent=1065"}],"curies":[{"name":"wp","href":"https:\/\/api.w.org\/{rel}","templated":true}]}}