{"id":1068,"date":"2025-11-13T11:57:24","date_gmt":"2025-11-13T10:57:24","guid":{"rendered":"https:\/\/distevi.com\/proveedor-global-ingenieria-industrial\/"},"modified":"2026-02-11T13:40:55","modified_gmt":"2026-02-11T12:40:55","slug":"global-supplier","status":"publish","type":"page","link":"https:\/\/distevi.com\/en\/automated-process-engineering\/global-supplier\/","title":{"rendered":"Global supplier"},"content":{"rendered":"\t\t<div data-elementor-type=\"wp-page\" data-elementor-id=\"1068\" class=\"elementor elementor-1068 elementor-497\" data-elementor-post-type=\"page\">\n\t\t\t\t<div class=\"elementor-element elementor-element-46ae16f e-con-full e-flex e-con e-parent\" data-id=\"46ae16f\" data-element_type=\"container\" data-e-type=\"container\">\n\t\t\t\t<div class=\"elementor-element elementor-element-063ab8c elementor-widget elementor-widget-template\" data-id=\"063ab8c\" data-element_type=\"widget\" data-e-type=\"widget\" data-widget_type=\"template.default\">\n\t\t\t\t<div class=\"elementor-widget-container\">\n\t\t\t\t\t\t\t<div class=\"elementor-template\">\n\t\t\t\t\t<div data-elementor-type=\"container\" data-elementor-id=\"1101\" class=\"elementor elementor-1101 elementor-355\" data-elementor-post-type=\"elementor_library\">\n\t\t\t\t<div class=\"elementor-element elementor-element-78d07b6c e-con-full e-flex e-con e-parent\" data-id=\"78d07b6c\" data-element_type=\"container\" data-e-type=\"container\">\n\t\t<div class=\"elementor-element elementor-element-3682eeac bg-multi e-flex e-con-boxed e-con e-child\" data-id=\"3682eeac\" data-element_type=\"container\" data-e-type=\"container\" data-settings=\"{&quot;background_background&quot;:&quot;classic&quot;}\">\n\t\t\t\t\t<div class=\"e-con-inner\">\n\t\t<div class=\"elementor-element elementor-element-4321a1bc e-con-full animated-fast e-flex elementor-invisible e-con e-child\" data-id=\"4321a1bc\" data-element_type=\"container\" data-e-type=\"container\" data-settings=\"{&quot;animation&quot;:&quot;fadeIn&quot;}\">\n\t\t\t\t<div class=\"elementor-element elementor-element-27fc8d34 elementor-widget elementor-widget-breadcrumbs\" data-id=\"27fc8d34\" data-element_type=\"widget\" data-e-type=\"widget\" data-widget_type=\"breadcrumbs.default\">\n\t\t\t\t<div class=\"elementor-widget-container\">\n\t\t\t\t\t<span id=\"breadcrumbs\"><span><span><a href=\"https:\/\/distevi.com\/en\/\">Home<\/a><\/span><\/span><\/span>\t\t\t\t<\/div>\n\t\t\t\t<\/div>\n\t\t\t\t<\/div>\n\t\t\t\t\t<\/div>\n\t\t\t\t<\/div>\n\t\t\t\t<\/div>\n\t\t\t\t<\/div>\n\t\t\t\t<\/div>\n\t\t\t\t\t\t<\/div>\n\t\t\t\t<\/div>\n\t\t\t\t<\/div>\n\t\t<div class=\"elementor-element elementor-element-105e942 e-flex e-con-boxed e-con e-parent\" data-id=\"105e942\" data-element_type=\"container\" data-e-type=\"container\" data-settings=\"{&quot;background_background&quot;:&quot;classic&quot;}\">\n\t\t\t\t\t<div class=\"e-con-inner\">\n\t\t\t\t<div class=\"elementor-element elementor-element-8687b86 elementor-widget elementor-widget-heading\" data-id=\"8687b86\" data-element_type=\"widget\" data-e-type=\"widget\" data-widget_type=\"heading.default\">\n\t\t\t\t<div class=\"elementor-widget-container\">\n\t\t\t\t\t<h2 class=\"elementor-heading-title elementor-size-default\">Europa, Africa, America &amp; Asia<\/h2>\t\t\t\t<\/div>\n\t\t\t\t<\/div>\n\t\t\t\t<div class=\"elementor-element elementor-element-a067410 elementor-widget elementor-widget-text-editor\" data-id=\"a067410\" data-element_type=\"widget\" data-e-type=\"widget\" data-widget_type=\"text-editor.default\">\n\t\t\t\t<div class=\"elementor-widget-container\">\n\t\t\t\t\t\t\t\t\t<p>We are located in VIGO area, in the northwest of SPAIN. We are able to provide service support and technical assistance all around the world thanks to our global network composed by local partners.<\/p><p>Our extensive experience in engineering and in the management of automation process projects hasestablished us as a reference supplier in Europe and the rest of the world. Becoming us a global supplier with the capacity to carry out turnkey projects in Europe, Africa, Americas and Asia.<\/p>\t\t\t\t\t\t\t\t<\/div>\n\t\t\t\t<\/div>\n\t\t\t\t\t<\/div>\n\t\t\t\t<\/div>\n\t\t<div class=\"elementor-element elementor-element-5a90985 e-flex e-con-boxed elementor-invisible e-con e-parent\" data-id=\"5a90985\" data-element_type=\"container\" data-e-type=\"container\" data-settings=\"{&quot;animation&quot;:&quot;fadeInUp&quot;}\">\n\t\t\t\t\t<div class=\"e-con-inner\">\n\t\t\t\t<div class=\"elementor-element elementor-element-65596ce elementor-widget elementor-widget-image\" data-id=\"65596ce\" data-element_type=\"widget\" data-e-type=\"widget\" data-widget_type=\"image.default\">\n\t\t\t\t<div class=\"elementor-widget-container\">\n\t\t\t\t\t\t\t\t\t\t\t\t\t\t\t<img fetchpriority=\"high\" decoding=\"async\" width=\"2560\" height=\"709\" src=\"https:\/\/distevi.com\/wp-content\/uploads\/2025\/11\/fondo-mapa-scaled.jpg\" class=\"attachment-full size-full wp-image-1069\" alt=\"\" srcset=\"https:\/\/distevi.com\/wp-content\/uploads\/2025\/11\/fondo-mapa-scaled.jpg 2560w, https:\/\/distevi.com\/wp-content\/uploads\/2025\/11\/fondo-mapa-300x83.jpg 300w, https:\/\/distevi.com\/wp-content\/uploads\/2025\/11\/fondo-mapa-1024x284.jpg 1024w, https:\/\/distevi.com\/wp-content\/uploads\/2025\/11\/fondo-mapa-768x213.jpg 768w, https:\/\/distevi.com\/wp-content\/uploads\/2025\/11\/fondo-mapa-1536x425.jpg 1536w, https:\/\/distevi.com\/wp-content\/uploads\/2025\/11\/fondo-mapa-2048x567.jpg 2048w\" sizes=\"(max-width: 2560px) 100vw, 2560px\" \/>\t\t\t\t\t\t\t\t\t\t\t\t\t\t\t<\/div>\n\t\t\t\t<\/div>\n\t\t\t\t\t<\/div>\n\t\t\t\t<\/div>\n\t\t\t\t<\/div>\n\t\t","protected":false},"excerpt":{"rendered":"<p>Europa, Africa, America &amp; Asia We are located in VIGO area, in the northwest of SPAIN. We are able to provide service support and technical assistance all around the world thanks to our global network composed by local partners. Our extensive experience in engineering and in the management of automation process projects hasestablished us as [&hellip;]<\/p>\n","protected":false},"author":1,"featured_media":1070,"parent":1084,"menu_order":0,"comment_status":"closed","ping_status":"closed","template":"","meta":{"footnotes":""},"class_list":["post-1068","page","type-page","status-publish","has-post-thumbnail","hentry"],"yoast_head":"<!-- This site is optimized with the Yoast SEO plugin v26.9 - https:\/\/yoast.com\/product\/yoast-seo-wordpress\/ -->\n<title>Global supplier of industrial engineering &#8211; DISTEVI<\/title>\n<meta name=\"description\" content=\"Global provider of industrial engineering with projects in more than 25 countries and a strong presence in Europe.\" \/>\n<meta name=\"robots\" content=\"index, follow, max-snippet:-1, max-image-preview:large, max-video-preview:-1\" \/>\n<link rel=\"canonical\" href=\"https:\/\/distevi.com\/en\/automated-process-engineering\/global-supplier\/\" \/>\n<meta property=\"og:locale\" content=\"en_US\" \/>\n<meta property=\"og:type\" content=\"article\" \/>\n<meta property=\"og:title\" content=\"Global supplier of industrial engineering &#8211; DISTEVI\" \/>\n<meta property=\"og:description\" content=\"Global provider of industrial engineering with projects in more than 25 countries and a strong presence in Europe.\" \/>\n<meta property=\"og:url\" content=\"https:\/\/distevi.com\/en\/automated-process-engineering\/global-supplier\/\" \/>\n<meta property=\"og:site_name\" content=\"DISTEVI\" \/>\n<meta property=\"article:modified_time\" content=\"2026-02-11T12:40:55+00:00\" \/>\n<meta property=\"og:image\" content=\"https:\/\/distevi.com\/wp-content\/uploads\/2025\/11\/bg-8.jpg\" \/>\n\t<meta property=\"og:image:width\" content=\"1920\" \/>\n\t<meta property=\"og:image:height\" content=\"600\" \/>\n\t<meta property=\"og:image:type\" content=\"image\/jpeg\" \/>\n<meta name=\"twitter:card\" content=\"summary_large_image\" \/>\n<meta name=\"twitter:label1\" content=\"Est. reading time\" \/>\n\t<meta name=\"twitter:data1\" content=\"1 minute\" \/>\n<script type=\"application\/ld+json\" class=\"yoast-schema-graph\">{\"@context\":\"https:\/\/schema.org\",\"@graph\":[{\"@type\":\"WebPage\",\"@id\":\"https:\/\/distevi.com\/en\/automated-process-engineering\/global-supplier\/\",\"url\":\"https:\/\/distevi.com\/en\/automated-process-engineering\/global-supplier\/\",\"name\":\"Global supplier of industrial engineering &#8211; DISTEVI\",\"isPartOf\":{\"@id\":\"https:\/\/distevi.com\/en\/#website\"},\"primaryImageOfPage\":{\"@id\":\"https:\/\/distevi.com\/en\/automated-process-engineering\/global-supplier\/#primaryimage\"},\"image\":{\"@id\":\"https:\/\/distevi.com\/en\/automated-process-engineering\/global-supplier\/#primaryimage\"},\"thumbnailUrl\":\"https:\/\/distevi.com\/wp-content\/uploads\/2025\/11\/bg-8.jpg\",\"datePublished\":\"2025-11-13T10:57:24+00:00\",\"dateModified\":\"2026-02-11T12:40:55+00:00\",\"description\":\"Global provider of industrial engineering with projects in more than 25 countries and a strong presence in Europe.\",\"breadcrumb\":{\"@id\":\"https:\/\/distevi.com\/en\/automated-process-engineering\/global-supplier\/#breadcrumb\"},\"inLanguage\":\"en-US\",\"potentialAction\":[{\"@type\":\"ReadAction\",\"target\":[\"https:\/\/distevi.com\/en\/automated-process-engineering\/global-supplier\/\"]}]},{\"@type\":\"ImageObject\",\"inLanguage\":\"en-US\",\"@id\":\"https:\/\/distevi.com\/en\/automated-process-engineering\/global-supplier\/#primaryimage\",\"url\":\"https:\/\/distevi.com\/wp-content\/uploads\/2025\/11\/bg-8.jpg\",\"contentUrl\":\"https:\/\/distevi.com\/wp-content\/uploads\/2025\/11\/bg-8.jpg\",\"width\":1920,\"height\":600},{\"@type\":\"BreadcrumbList\",\"@id\":\"https:\/\/distevi.com\/en\/automated-process-engineering\/global-supplier\/#breadcrumb\",\"itemListElement\":[{\"@type\":\"ListItem\",\"position\":1,\"name\":\"Home\",\"item\":\"https:\/\/distevi.com\/en\/\"},{\"@type\":\"ListItem\",\"position\":2,\"name\":\"Process Engineering\",\"item\":\"https:\/\/distevi.com\/en\/automated-process-engineering\/\"},{\"@type\":\"ListItem\",\"position\":3,\"name\":\"Global supplier\"}]},{\"@type\":\"WebSite\",\"@id\":\"https:\/\/distevi.com\/en\/#website\",\"url\":\"https:\/\/distevi.com\/en\/\",\"name\":\"DISTEVI\",\"description\":\"Ingenier\u00eda de procesos - L\u00edneas de producci\u00f3n y maquinaria especial\",\"potentialAction\":[{\"@type\":\"SearchAction\",\"target\":{\"@type\":\"EntryPoint\",\"urlTemplate\":\"https:\/\/distevi.com\/en\/?s={search_term_string}\"},\"query-input\":{\"@type\":\"PropertyValueSpecification\",\"valueRequired\":true,\"valueName\":\"search_term_string\"}}],\"inLanguage\":\"en-US\"}]}<\/script>\n<!-- \/ Yoast SEO plugin. -->","yoast_head_json":{"title":"Global supplier of industrial engineering &#8211; DISTEVI","description":"Global provider of industrial engineering with projects in more than 25 countries and a strong presence in Europe.","robots":{"index":"index","follow":"follow","max-snippet":"max-snippet:-1","max-image-preview":"max-image-preview:large","max-video-preview":"max-video-preview:-1"},"canonical":"https:\/\/distevi.com\/en\/automated-process-engineering\/global-supplier\/","og_locale":"en_US","og_type":"article","og_title":"Global supplier of industrial engineering &#8211; DISTEVI","og_description":"Global provider of industrial engineering with projects in more than 25 countries and a strong presence in Europe.","og_url":"https:\/\/distevi.com\/en\/automated-process-engineering\/global-supplier\/","og_site_name":"DISTEVI","article_modified_time":"2026-02-11T12:40:55+00:00","og_image":[{"width":1920,"height":600,"url":"https:\/\/distevi.com\/wp-content\/uploads\/2025\/11\/bg-8.jpg","type":"image\/jpeg"}],"twitter_card":"summary_large_image","twitter_misc":{"Est. reading time":"1 minute"},"schema":{"@context":"https:\/\/schema.org","@graph":[{"@type":"WebPage","@id":"https:\/\/distevi.com\/en\/automated-process-engineering\/global-supplier\/","url":"https:\/\/distevi.com\/en\/automated-process-engineering\/global-supplier\/","name":"Global supplier of industrial engineering &#8211; DISTEVI","isPartOf":{"@id":"https:\/\/distevi.com\/en\/#website"},"primaryImageOfPage":{"@id":"https:\/\/distevi.com\/en\/automated-process-engineering\/global-supplier\/#primaryimage"},"image":{"@id":"https:\/\/distevi.com\/en\/automated-process-engineering\/global-supplier\/#primaryimage"},"thumbnailUrl":"https:\/\/distevi.com\/wp-content\/uploads\/2025\/11\/bg-8.jpg","datePublished":"2025-11-13T10:57:24+00:00","dateModified":"2026-02-11T12:40:55+00:00","description":"Global provider of industrial engineering with projects in more than 25 countries and a strong presence in Europe.","breadcrumb":{"@id":"https:\/\/distevi.com\/en\/automated-process-engineering\/global-supplier\/#breadcrumb"},"inLanguage":"en-US","potentialAction":[{"@type":"ReadAction","target":["https:\/\/distevi.com\/en\/automated-process-engineering\/global-supplier\/"]}]},{"@type":"ImageObject","inLanguage":"en-US","@id":"https:\/\/distevi.com\/en\/automated-process-engineering\/global-supplier\/#primaryimage","url":"https:\/\/distevi.com\/wp-content\/uploads\/2025\/11\/bg-8.jpg","contentUrl":"https:\/\/distevi.com\/wp-content\/uploads\/2025\/11\/bg-8.jpg","width":1920,"height":600},{"@type":"BreadcrumbList","@id":"https:\/\/distevi.com\/en\/automated-process-engineering\/global-supplier\/#breadcrumb","itemListElement":[{"@type":"ListItem","position":1,"name":"Home","item":"https:\/\/distevi.com\/en\/"},{"@type":"ListItem","position":2,"name":"Process Engineering","item":"https:\/\/distevi.com\/en\/automated-process-engineering\/"},{"@type":"ListItem","position":3,"name":"Global supplier"}]},{"@type":"WebSite","@id":"https:\/\/distevi.com\/en\/#website","url":"https:\/\/distevi.com\/en\/","name":"DISTEVI","description":"Ingenier\u00eda de procesos - L\u00edneas de producci\u00f3n y maquinaria especial","potentialAction":[{"@type":"SearchAction","target":{"@type":"EntryPoint","urlTemplate":"https:\/\/distevi.com\/en\/?s={search_term_string}"},"query-input":{"@type":"PropertyValueSpecification","valueRequired":true,"valueName":"search_term_string"}}],"inLanguage":"en-US"}]}},"_links":{"self":[{"href":"https:\/\/distevi.com\/en\/wp-json\/wp\/v2\/pages\/1068","targetHints":{"allow":["GET"]}}],"collection":[{"href":"https:\/\/distevi.com\/en\/wp-json\/wp\/v2\/pages"}],"about":[{"href":"https:\/\/distevi.com\/en\/wp-json\/wp\/v2\/types\/page"}],"author":[{"embeddable":true,"href":"https:\/\/distevi.com\/en\/wp-json\/wp\/v2\/users\/1"}],"replies":[{"embeddable":true,"href":"https:\/\/distevi.com\/en\/wp-json\/wp\/v2\/comments?post=1068"}],"version-history":[{"count":4,"href":"https:\/\/distevi.com\/en\/wp-json\/wp\/v2\/pages\/1068\/revisions"}],"predecessor-version":[{"id":1362,"href":"https:\/\/distevi.com\/en\/wp-json\/wp\/v2\/pages\/1068\/revisions\/1362"}],"up":[{"embeddable":true,"href":"https:\/\/distevi.com\/en\/wp-json\/wp\/v2\/pages\/1084"}],"wp:featuredmedia":[{"embeddable":true,"href":"https:\/\/distevi.com\/en\/wp-json\/wp\/v2\/media\/1070"}],"wp:attachment":[{"href":"https:\/\/distevi.com\/en\/wp-json\/wp\/v2\/media?parent=1068"}],"curies":[{"name":"wp","href":"https:\/\/api.w.org\/{rel}","templated":true}]}}