{"id":1076,"date":"2025-11-10T16:24:49","date_gmt":"2025-11-10T15:24:49","guid":{"rendered":"https:\/\/distevi.com\/diseno-web\/"},"modified":"2026-02-10T12:10:13","modified_gmt":"2026-02-10T11:10:13","slug":"web-design","status":"publish","type":"page","link":"https:\/\/distevi.com\/en\/web-design\/","title":{"rendered":"Web design"},"content":{"rendered":"\t\t<div data-elementor-type=\"wp-page\" data-elementor-id=\"1076\" class=\"elementor elementor-1076 elementor-42\" data-elementor-post-type=\"page\">\n\t\t\t\t<div class=\"elementor-element elementor-element-2ef4abf e-grid e-con-full e-con e-parent\" data-id=\"2ef4abf\" data-element_type=\"container\" data-e-type=\"container\">\n\t\t\t\t<div class=\"elementor-element elementor-element-8ef1b2b elementor-widget elementor-widget-template\" data-id=\"8ef1b2b\" data-element_type=\"widget\" data-e-type=\"widget\" data-widget_type=\"template.default\">\n\t\t\t\t<div class=\"elementor-widget-container\">\n\t\t\t\t\t\t\t<div class=\"elementor-template\">\n\t\t\t\t\t<div data-elementor-type=\"container\" data-elementor-id=\"1101\" class=\"elementor elementor-1101 elementor-355\" data-elementor-post-type=\"elementor_library\">\n\t\t\t\t<div class=\"elementor-element elementor-element-78d07b6c e-con-full e-flex e-con e-parent\" data-id=\"78d07b6c\" data-element_type=\"container\" data-e-type=\"container\">\n\t\t<div class=\"elementor-element elementor-element-3682eeac bg-multi e-flex e-con-boxed e-con e-child\" data-id=\"3682eeac\" data-element_type=\"container\" data-e-type=\"container\" data-settings=\"{&quot;background_background&quot;:&quot;classic&quot;}\">\n\t\t\t\t\t<div class=\"e-con-inner\">\n\t\t<div class=\"elementor-element elementor-element-4321a1bc e-con-full animated-fast e-flex elementor-invisible e-con e-child\" data-id=\"4321a1bc\" data-element_type=\"container\" data-e-type=\"container\" data-settings=\"{&quot;animation&quot;:&quot;fadeIn&quot;}\">\n\t\t\t\t<div class=\"elementor-element elementor-element-27fc8d34 elementor-widget elementor-widget-breadcrumbs\" data-id=\"27fc8d34\" data-element_type=\"widget\" data-e-type=\"widget\" data-widget_type=\"breadcrumbs.default\">\n\t\t\t\t<div class=\"elementor-widget-container\">\n\t\t\t\t\t<span id=\"breadcrumbs\"><span><span><a href=\"https:\/\/distevi.com\/en\/\">Home<\/a><\/span><\/span><\/span>\t\t\t\t<\/div>\n\t\t\t\t<\/div>\n\t\t\t\t<\/div>\n\t\t\t\t\t<\/div>\n\t\t\t\t<\/div>\n\t\t\t\t<\/div>\n\t\t\t\t<\/div>\n\t\t\t\t<\/div>\n\t\t\t\t\t\t<\/div>\n\t\t\t\t<\/div>\n\t\t\t\t<\/div>\n\t\t<div class=\"elementor-element elementor-element-2fa6217 e-flex e-con-boxed e-con e-child\" data-id=\"2fa6217\" data-element_type=\"container\" data-e-type=\"container\">\n\t\t\t\t\t<div class=\"e-con-inner\">\n\t\t\t\t<div class=\"elementor-element elementor-element-a97bbe2 elementor-widget elementor-widget-text-editor\" data-id=\"a97bbe2\" data-element_type=\"widget\" data-e-type=\"widget\" data-widget_type=\"text-editor.default\">\n\t\t\t\t<div class=\"elementor-widget-container\">\n\t\t\t\t\t\t\t\t\t<div style=\"text-align: center;\">\n<p><a href=\"https:\/\/visualpublinet.com\/\" target=\"new\" rel=\"external nofollow noopener\"><img decoding=\"async\" src=\"https:\/\/visualpublinet.com\/creditos-vigo.gif\" alt=\"Programaci\u00f3n web\"><\/a><\/p>\n<p><a href=\"https:\/\/visualpublinet.com\/\" target=\"_blank\" rel=\"external nofollow noopener\">Dise\u00f1o web<\/a> por Visual Publinet<\/p>\n<\/div>\t\t\t\t\t\t\t\t<\/div>\n\t\t\t\t<\/div>\n\t\t\t\t\t<\/div>\n\t\t\t\t<\/div>\n\t\t\t\t<\/div>\n\t\t","protected":false},"excerpt":{"rendered":"<p>Dise\u00f1o web por Visual Publinet<\/p>\n","protected":false},"author":1,"featured_media":0,"parent":0,"menu_order":0,"comment_status":"closed","ping_status":"closed","template":"","meta":{"footnotes":""},"class_list":["post-1076","page","type-page","status-publish","hentry"],"yoast_head":"<!-- This site is optimized with the Yoast SEO plugin v26.9 - https:\/\/yoast.com\/product\/yoast-seo-wordpress\/ -->\n<title>Web design &#8211; DISTEVI<\/title>\n<meta name=\"robots\" content=\"noindex, follow\" \/>\n<meta property=\"og:locale\" content=\"en_US\" \/>\n<meta property=\"og:type\" content=\"article\" \/>\n<meta property=\"og:title\" content=\"Web design &#8211; DISTEVI\" \/>\n<meta property=\"og:description\" content=\"Dise\u00f1o web por Visual Publinet\" \/>\n<meta property=\"og:url\" content=\"https:\/\/distevi.com\/en\/web-design\/\" \/>\n<meta property=\"og:site_name\" content=\"DISTEVI\" \/>\n<meta property=\"article:modified_time\" content=\"2026-02-10T11:10:13+00:00\" \/>\n<meta property=\"og:image\" content=\"https:\/\/visualpublinet.com\/creditos-vigo.gif\" \/>\n<meta name=\"twitter:card\" content=\"summary_large_image\" \/>\n<meta name=\"twitter:label1\" content=\"Est. reading time\" \/>\n\t<meta name=\"twitter:data1\" content=\"1 minute\" \/>\n<script type=\"application\/ld+json\" class=\"yoast-schema-graph\">{\"@context\":\"https:\/\/schema.org\",\"@graph\":[{\"@type\":\"WebPage\",\"@id\":\"https:\/\/distevi.com\/en\/web-design\/\",\"url\":\"https:\/\/distevi.com\/en\/web-design\/\",\"name\":\"Web design &#8211; DISTEVI\",\"isPartOf\":{\"@id\":\"https:\/\/distevi.com\/en\/#website\"},\"primaryImageOfPage\":{\"@id\":\"https:\/\/distevi.com\/en\/web-design\/#primaryimage\"},\"image\":{\"@id\":\"https:\/\/distevi.com\/en\/web-design\/#primaryimage\"},\"thumbnailUrl\":\"https:\/\/visualpublinet.com\/creditos-vigo.gif\",\"datePublished\":\"2025-11-10T15:24:49+00:00\",\"dateModified\":\"2026-02-10T11:10:13+00:00\",\"breadcrumb\":{\"@id\":\"https:\/\/distevi.com\/en\/web-design\/#breadcrumb\"},\"inLanguage\":\"en-US\",\"potentialAction\":[{\"@type\":\"ReadAction\",\"target\":[\"https:\/\/distevi.com\/en\/web-design\/\"]}]},{\"@type\":\"ImageObject\",\"inLanguage\":\"en-US\",\"@id\":\"https:\/\/distevi.com\/en\/web-design\/#primaryimage\",\"url\":\"https:\/\/visualpublinet.com\/creditos-vigo.gif\",\"contentUrl\":\"https:\/\/visualpublinet.com\/creditos-vigo.gif\"},{\"@type\":\"BreadcrumbList\",\"@id\":\"https:\/\/distevi.com\/en\/web-design\/#breadcrumb\",\"itemListElement\":[{\"@type\":\"ListItem\",\"position\":1,\"name\":\"Home\",\"item\":\"https:\/\/distevi.com\/en\/\"},{\"@type\":\"ListItem\",\"position\":2,\"name\":\"Web design\"}]},{\"@type\":\"WebSite\",\"@id\":\"https:\/\/distevi.com\/en\/#website\",\"url\":\"https:\/\/distevi.com\/en\/\",\"name\":\"DISTEVI\",\"description\":\"Ingenier\u00eda de procesos - L\u00edneas de producci\u00f3n y maquinaria especial\",\"potentialAction\":[{\"@type\":\"SearchAction\",\"target\":{\"@type\":\"EntryPoint\",\"urlTemplate\":\"https:\/\/distevi.com\/en\/?s={search_term_string}\"},\"query-input\":{\"@type\":\"PropertyValueSpecification\",\"valueRequired\":true,\"valueName\":\"search_term_string\"}}],\"inLanguage\":\"en-US\"}]}<\/script>\n<!-- \/ Yoast SEO plugin. -->","yoast_head_json":{"title":"Web design &#8211; DISTEVI","robots":{"index":"noindex","follow":"follow"},"og_locale":"en_US","og_type":"article","og_title":"Web design &#8211; DISTEVI","og_description":"Dise\u00f1o web por Visual Publinet","og_url":"https:\/\/distevi.com\/en\/web-design\/","og_site_name":"DISTEVI","article_modified_time":"2026-02-10T11:10:13+00:00","og_image":[{"url":"https:\/\/visualpublinet.com\/creditos-vigo.gif","type":"","width":"","height":""}],"twitter_card":"summary_large_image","twitter_misc":{"Est. reading time":"1 minute"},"schema":{"@context":"https:\/\/schema.org","@graph":[{"@type":"WebPage","@id":"https:\/\/distevi.com\/en\/web-design\/","url":"https:\/\/distevi.com\/en\/web-design\/","name":"Web design &#8211; DISTEVI","isPartOf":{"@id":"https:\/\/distevi.com\/en\/#website"},"primaryImageOfPage":{"@id":"https:\/\/distevi.com\/en\/web-design\/#primaryimage"},"image":{"@id":"https:\/\/distevi.com\/en\/web-design\/#primaryimage"},"thumbnailUrl":"https:\/\/visualpublinet.com\/creditos-vigo.gif","datePublished":"2025-11-10T15:24:49+00:00","dateModified":"2026-02-10T11:10:13+00:00","breadcrumb":{"@id":"https:\/\/distevi.com\/en\/web-design\/#breadcrumb"},"inLanguage":"en-US","potentialAction":[{"@type":"ReadAction","target":["https:\/\/distevi.com\/en\/web-design\/"]}]},{"@type":"ImageObject","inLanguage":"en-US","@id":"https:\/\/distevi.com\/en\/web-design\/#primaryimage","url":"https:\/\/visualpublinet.com\/creditos-vigo.gif","contentUrl":"https:\/\/visualpublinet.com\/creditos-vigo.gif"},{"@type":"BreadcrumbList","@id":"https:\/\/distevi.com\/en\/web-design\/#breadcrumb","itemListElement":[{"@type":"ListItem","position":1,"name":"Home","item":"https:\/\/distevi.com\/en\/"},{"@type":"ListItem","position":2,"name":"Web design"}]},{"@type":"WebSite","@id":"https:\/\/distevi.com\/en\/#website","url":"https:\/\/distevi.com\/en\/","name":"DISTEVI","description":"Ingenier\u00eda de procesos - L\u00edneas de producci\u00f3n y maquinaria especial","potentialAction":[{"@type":"SearchAction","target":{"@type":"EntryPoint","urlTemplate":"https:\/\/distevi.com\/en\/?s={search_term_string}"},"query-input":{"@type":"PropertyValueSpecification","valueRequired":true,"valueName":"search_term_string"}}],"inLanguage":"en-US"}]}},"_links":{"self":[{"href":"https:\/\/distevi.com\/en\/wp-json\/wp\/v2\/pages\/1076","targetHints":{"allow":["GET"]}}],"collection":[{"href":"https:\/\/distevi.com\/en\/wp-json\/wp\/v2\/pages"}],"about":[{"href":"https:\/\/distevi.com\/en\/wp-json\/wp\/v2\/types\/page"}],"author":[{"embeddable":true,"href":"https:\/\/distevi.com\/en\/wp-json\/wp\/v2\/users\/1"}],"replies":[{"embeddable":true,"href":"https:\/\/distevi.com\/en\/wp-json\/wp\/v2\/comments?post=1076"}],"version-history":[{"count":1,"href":"https:\/\/distevi.com\/en\/wp-json\/wp\/v2\/pages\/1076\/revisions"}],"predecessor-version":[{"id":1247,"href":"https:\/\/distevi.com\/en\/wp-json\/wp\/v2\/pages\/1076\/revisions\/1247"}],"wp:attachment":[{"href":"https:\/\/distevi.com\/en\/wp-json\/wp\/v2\/media?parent=1076"}],"curies":[{"name":"wp","href":"https:\/\/api.w.org\/{rel}","templated":true}]}}