{"id":1079,"date":"2025-11-10T16:23:33","date_gmt":"2025-11-10T15:23:33","guid":{"rendered":"https:\/\/distevi.com\/contacto-ingenieria-industrial\/"},"modified":"2026-02-12T12:08:13","modified_gmt":"2026-02-12T11:08:13","slug":"contact-industrial-engineering","status":"publish","type":"page","link":"https:\/\/distevi.com\/en\/contact-industrial-engineering\/","title":{"rendered":"Contact"},"content":{"rendered":"\t\t<div data-elementor-type=\"wp-page\" data-elementor-id=\"1079\" class=\"elementor elementor-1079 elementor-30\" data-elementor-post-type=\"page\">\n\t\t\t\t<div class=\"elementor-element elementor-element-7777ec00 e-con-full e-flex e-con e-parent\" data-id=\"7777ec00\" data-element_type=\"container\" data-e-type=\"container\">\n\t\t<div class=\"elementor-element elementor-element-beb7e2a e-grid e-con-full e-con e-child\" data-id=\"beb7e2a\" data-element_type=\"container\" data-e-type=\"container\" data-settings=\"{&quot;background_background&quot;:&quot;classic&quot;}\">\n\t\t<div class=\"elementor-element elementor-element-a174d09 e-con-full bg-multi e-flex elementor-invisible e-con e-child\" data-id=\"a174d09\" data-element_type=\"container\" data-e-type=\"container\" data-settings=\"{&quot;background_background&quot;:&quot;classic&quot;,&quot;animation&quot;:&quot;fadeIn&quot;}\">\n\t\t\t\t<\/div>\n\t\t<div class=\"elementor-element elementor-element-31ac373 e-flex e-con-boxed e-con e-child\" data-id=\"31ac373\" data-element_type=\"container\" data-e-type=\"container\">\n\t\t\t\t\t<div class=\"e-con-inner\">\n\t\t\t\t<div class=\"elementor-element elementor-element-43277bb elementor-widget elementor-widget-heading\" data-id=\"43277bb\" data-element_type=\"widget\" data-e-type=\"widget\" data-widget_type=\"heading.default\">\n\t\t\t\t<div class=\"elementor-widget-container\">\n\t\t\t\t\t<h1 class=\"elementor-heading-title elementor-size-default\">Contact<\/h1>\t\t\t\t<\/div>\n\t\t\t\t<\/div>\n\t\t<div class=\"elementor-element elementor-element-be38319 e-con-full e-flex e-con e-child\" data-id=\"be38319\" data-element_type=\"container\" data-e-type=\"container\">\n\t\t\t\t<div class=\"elementor-element elementor-element-0284199 elementor-widget elementor-widget-heading\" data-id=\"0284199\" data-element_type=\"widget\" data-e-type=\"widget\" data-widget_type=\"heading.default\">\n\t\t\t\t<div class=\"elementor-widget-container\">\n\t\t\t\t\t<h2 class=\"elementor-heading-title elementor-size-default\">DISTEVI Process Engineering BU:<\/h2>\t\t\t\t<\/div>\n\t\t\t\t<\/div>\n\t\t\t\t<div class=\"elementor-element elementor-element-ccbf710 elementor-widget elementor-widget-text-editor\" data-id=\"ccbf710\" data-element_type=\"widget\" data-e-type=\"widget\" data-widget_type=\"text-editor.default\">\n\t\t\t\t<div class=\"elementor-widget-container\">\n\t\t\t\t\t\t\t\t\t<p>Pol\u00edgono Industrial A Granxa Sur PPI 6, Plot 31<br \/>36475 O Porri\u00f1o (Spain)<br \/><a href=\"tel:+34986247412\" target=\"_blank\" rel=\"noopener\">P. +34 986 247 412<\/a><\/p>\t\t\t\t\t\t\t\t<\/div>\n\t\t\t\t<\/div>\n\t\t\t\t<\/div>\n\t\t<div class=\"elementor-element elementor-element-a1c999a e-con-full e-flex e-con e-child\" data-id=\"a1c999a\" data-element_type=\"container\" data-e-type=\"container\">\n\t\t\t\t<div class=\"elementor-element elementor-element-8fb19f0 elementor-widget elementor-widget-heading\" data-id=\"8fb19f0\" data-element_type=\"widget\" data-e-type=\"widget\" data-widget_type=\"heading.default\">\n\t\t\t\t<div class=\"elementor-widget-container\">\n\t\t\t\t\t<h2 class=\"elementor-heading-title elementor-size-default\">DISTEVI Precision Machining BU:<\/h2>\t\t\t\t<\/div>\n\t\t\t\t<\/div>\n\t\t\t\t<div class=\"elementor-element elementor-element-f35f297 elementor-widget elementor-widget-text-editor\" data-id=\"f35f297\" data-element_type=\"widget\" data-e-type=\"widget\" data-widget_type=\"text-editor.default\">\n\t\t\t\t<div class=\"elementor-widget-container\">\n\t\t\t\t\t\t\t\t\t<p>Pol\u00edgono Industrial A Granxa Sur PPI 6, Plot 32<br \/>36475 O Porri\u00f1o (Spain)<br \/><a href=\"tel:+34986213388\" target=\"_blank\" rel=\"noopener\">P. +34 986 213 388<\/a><\/p>\t\t\t\t\t\t\t\t<\/div>\n\t\t\t\t<\/div>\n\t\t\t\t<\/div>\n\t\t<div class=\"elementor-element elementor-element-1777a6c e-con-full e-flex e-con e-child\" data-id=\"1777a6c\" data-element_type=\"container\" data-e-type=\"container\">\n\t\t\t\t<div class=\"elementor-element elementor-element-bd875d1 elementor-widget elementor-widget-heading\" data-id=\"bd875d1\" data-element_type=\"widget\" data-e-type=\"widget\" data-widget_type=\"heading.default\">\n\t\t\t\t<div class=\"elementor-widget-container\">\n\t\t\t\t\t<h2 class=\"elementor-heading-title elementor-size-default\">E-mails:<\/h2>\t\t\t\t<\/div>\n\t\t\t\t<\/div>\n\t\t\t\t<div class=\"elementor-element elementor-element-43de115 elementor-widget elementor-widget-text-editor\" data-id=\"43de115\" data-element_type=\"widget\" data-e-type=\"widget\" data-widget_type=\"text-editor.default\">\n\t\t\t\t<div class=\"elementor-widget-container\">\n\t\t\t\t\t\t\t\t\t<p><a href=\"mailto:distevi@distevi.com\">distevi@distevi.com<\/a><\/p><p>Commercial: <a href=\"mailto:dpto.comercial@distevi.com\">dpto.comercial@distevi.com<\/a><\/p><p>Resumes: <a href=\"mailto:rrhh@distevi.com\">rrhh@distevi.com<\/a><\/p>\t\t\t\t\t\t\t\t<\/div>\n\t\t\t\t<\/div>\n\t\t\t\t<\/div>\n\t\t\t\t\t<\/div>\n\t\t\t\t<\/div>\n\t\t\t\t<\/div>\n\t\t\t\t<\/div>\n\t\t<div class=\"elementor-element elementor-element-7b3f370 e-flex e-con-boxed e-con e-parent\" data-id=\"7b3f370\" data-element_type=\"container\" data-e-type=\"container\">\n\t\t\t\t\t<div class=\"e-con-inner\">\n\t\t<div class=\"elementor-element elementor-element-bcd0fef e-con-full e-flex e-con e-child\" data-id=\"bcd0fef\" data-element_type=\"container\" data-e-type=\"container\">\n\t\t\t\t<div class=\"elementor-element elementor-element-c8b7185 elementor-widget elementor-widget-heading\" data-id=\"c8b7185\" data-element_type=\"widget\" data-e-type=\"widget\" data-widget_type=\"heading.default\">\n\t\t\t\t<div class=\"elementor-widget-container\">\n\t\t\t\t\t<h2 class=\"elementor-heading-title elementor-size-default\">Global Partners<\/h2>\t\t\t\t<\/div>\n\t\t\t\t<\/div>\n\t\t\t\t<div class=\"elementor-element elementor-element-cdc7c02 elementor-widget elementor-widget-text-editor\" data-id=\"cdc7c02\" data-element_type=\"widget\" data-e-type=\"widget\" data-widget_type=\"text-editor.default\">\n\t\t\t\t<div class=\"elementor-widget-container\">\n\t\t\t\t\t\t\t\t\t<p>Global support and technical assistance service through local partner organizations<\/p>\t\t\t\t\t\t\t\t<\/div>\n\t\t\t\t<\/div>\n\t\t\t\t<\/div>\n\t\t<div class=\"elementor-element elementor-element-a6f95d4 e-grid e-con-full e-con e-child\" data-id=\"a6f95d4\" data-element_type=\"container\" data-e-type=\"container\">\n\t\t\t\t<div class=\"elementor-element elementor-element-3e15ce6 elementor-position-top elementor-invisible elementor-widget elementor-widget-image-box\" data-id=\"3e15ce6\" data-element_type=\"widget\" data-e-type=\"widget\" data-settings=\"{&quot;_animation&quot;:&quot;fadeInUp&quot;,&quot;_animation_delay&quot;:100}\" data-widget_type=\"image-box.default\">\n\t\t\t\t<div class=\"elementor-widget-container\">\n\t\t\t\t\t<div class=\"elementor-image-box-wrapper\"><figure class=\"elementor-image-box-img\"><img fetchpriority=\"high\" decoding=\"async\" width=\"600\" height=\"600\" src=\"https:\/\/distevi.com\/wp-content\/uploads\/2025\/11\/Marruecos.png\" class=\"attachment-full size-full wp-image-1226\" alt=\"\" srcset=\"https:\/\/distevi.com\/wp-content\/uploads\/2025\/11\/Marruecos.png 600w, https:\/\/distevi.com\/wp-content\/uploads\/2025\/11\/Marruecos-300x300.png 300w, https:\/\/distevi.com\/wp-content\/uploads\/2025\/11\/Marruecos-150x150.png 150w\" sizes=\"(max-width: 600px) 100vw, 600px\" \/><\/figure><div class=\"elementor-image-box-content\"><h3 class=\"elementor-image-box-title\">North Africa<\/h3><p class=\"elementor-image-box-description\">TANGIER (Morocco)<\/p><\/div><\/div>\t\t\t\t<\/div>\n\t\t\t\t<\/div>\n\t\t\t\t<div class=\"elementor-element elementor-element-4132509 elementor-position-top elementor-invisible elementor-widget elementor-widget-image-box\" data-id=\"4132509\" data-element_type=\"widget\" data-e-type=\"widget\" data-settings=\"{&quot;_animation&quot;:&quot;fadeInUp&quot;,&quot;_animation_delay&quot;:500}\" data-widget_type=\"image-box.default\">\n\t\t\t\t<div class=\"elementor-widget-container\">\n\t\t\t\t\t<div class=\"elementor-image-box-wrapper\"><figure class=\"elementor-image-box-img\"><img decoding=\"async\" width=\"600\" height=\"600\" src=\"https:\/\/distevi.com\/wp-content\/uploads\/2025\/11\/rumania.png\" class=\"attachment-full size-full wp-image-1227\" alt=\"\" srcset=\"https:\/\/distevi.com\/wp-content\/uploads\/2025\/11\/rumania.png 600w, https:\/\/distevi.com\/wp-content\/uploads\/2025\/11\/rumania-300x300.png 300w, https:\/\/distevi.com\/wp-content\/uploads\/2025\/11\/rumania-150x150.png 150w\" sizes=\"(max-width: 600px) 100vw, 600px\" \/><\/figure><div class=\"elementor-image-box-content\"><h3 class=\"elementor-image-box-title\">Eastern Europe<\/h3><p class=\"elementor-image-box-description\">TIMISOARA (Romania)<\/p><\/div><\/div>\t\t\t\t<\/div>\n\t\t\t\t<\/div>\n\t\t\t\t<div class=\"elementor-element elementor-element-3eac3f6 elementor-position-top elementor-invisible elementor-widget elementor-widget-image-box\" data-id=\"3eac3f6\" data-element_type=\"widget\" data-e-type=\"widget\" data-settings=\"{&quot;_animation&quot;:&quot;fadeInUp&quot;,&quot;_animation_delay&quot;:700}\" data-widget_type=\"image-box.default\">\n\t\t\t\t<div class=\"elementor-widget-container\">\n\t\t\t\t\t<div class=\"elementor-image-box-wrapper\"><figure class=\"elementor-image-box-img\"><img decoding=\"async\" width=\"600\" height=\"600\" src=\"https:\/\/distevi.com\/wp-content\/uploads\/2025\/11\/mexico.png\" class=\"attachment-full size-full wp-image-1228\" alt=\"\" srcset=\"https:\/\/distevi.com\/wp-content\/uploads\/2025\/11\/mexico.png 600w, https:\/\/distevi.com\/wp-content\/uploads\/2025\/11\/mexico-300x300.png 300w, https:\/\/distevi.com\/wp-content\/uploads\/2025\/11\/mexico-150x150.png 150w\" sizes=\"(max-width: 600px) 100vw, 600px\" \/><\/figure><div class=\"elementor-image-box-content\"><h3 class=\"elementor-image-box-title\">North America<\/h3><p class=\"elementor-image-box-description\">GUANAJUATO (Mexico)<\/p><\/div><\/div>\t\t\t\t<\/div>\n\t\t\t\t<\/div>\n\t\t\t\t<\/div>\n\t\t\t\t\t<\/div>\n\t\t\t\t<\/div>\n\t\t<div class=\"elementor-element elementor-element-228362c e-con-full e-flex e-con e-parent\" data-id=\"228362c\" data-element_type=\"container\" data-e-type=\"container\">\n\t\t\t\t<div class=\"elementor-element elementor-element-a4751a0 elementor-widget elementor-widget-html\" data-id=\"a4751a0\" data-element_type=\"widget\" data-e-type=\"widget\" data-widget_type=\"html.default\">\n\t\t\t\t<div class=\"elementor-widget-container\">\n\t\t\t\t\t<iframe src=\"https:\/\/www.google.com\/maps\/embed?pb=!1m18!1m12!1m3!1d2959.5336172180046!2d-8.616376800000001!3d42.117458299999996!2m3!1f0!2f0!3f0!3m2!1i1024!2i768!4f13.1!3m3!1m2!1s0xd258a1a7ea78265%3A0xfc275c8a4269f2a2!2sDISTEVI%20S.L.!5e0!3m2!1ses!2ses!4v1762948870178!5m2!1ses!2ses\" width=\"100%\" height=\"450\" style=\"border:0;\" allowfullscreen=\"\" loading=\"lazy\" referrerpolicy=\"no-referrer-when-downgrade\"><\/iframe>\t\t\t\t<\/div>\n\t\t\t\t<\/div>\n\t\t\t\t<\/div>\n\t\t\t\t<\/div>\n\t\t","protected":false},"excerpt":{"rendered":"<p>Contact DISTEVI Process Engineering BU: Pol\u00edgono Industrial A Granxa Sur PPI 6, Plot 3136475 O Porri\u00f1o (Spain)P. +34 986 247 412 DISTEVI Precision Machining BU: Pol\u00edgono Industrial A Granxa Sur PPI 6, Plot 3236475 O Porri\u00f1o (Spain)P. +34 986 213 388 E-mails: distevi@distevi.com Commercial: dpto.comercial@distevi.com Resumes: rrhh@distevi.com Global Partners Global support and technical assistance service [&hellip;]<\/p>\n","protected":false},"author":1,"featured_media":0,"parent":0,"menu_order":0,"comment_status":"closed","ping_status":"closed","template":"","meta":{"footnotes":""},"class_list":["post-1079","page","type-page","status-publish","hentry"],"yoast_head":"<!-- This site is optimized with the Yoast SEO plugin v26.9 - https:\/\/yoast.com\/product\/yoast-seo-wordpress\/ -->\n<title>Industrial Engineering Contact &#8211; DISTEVI<\/title>\n<meta name=\"description\" content=\"Contact DISTEVI and request information about process engineering and industrial precision machining.\" \/>\n<meta name=\"robots\" content=\"index, follow, max-snippet:-1, max-image-preview:large, max-video-preview:-1\" \/>\n<link rel=\"canonical\" href=\"https:\/\/distevi.com\/en\/contact-industrial-engineering\/\" \/>\n<meta property=\"og:locale\" content=\"en_US\" \/>\n<meta property=\"og:type\" content=\"article\" \/>\n<meta property=\"og:title\" content=\"Industrial Engineering Contact &#8211; DISTEVI\" \/>\n<meta property=\"og:description\" content=\"Contact DISTEVI and request information about process engineering and industrial precision machining.\" \/>\n<meta property=\"og:url\" content=\"https:\/\/distevi.com\/en\/contact-industrial-engineering\/\" \/>\n<meta property=\"og:site_name\" content=\"DISTEVI\" \/>\n<meta property=\"article:modified_time\" content=\"2026-02-12T11:08:13+00:00\" \/>\n<meta property=\"og:image\" content=\"https:\/\/distevi.com\/wp-content\/uploads\/2025\/11\/Marruecos.png\" \/>\n\t<meta property=\"og:image:width\" content=\"600\" \/>\n\t<meta property=\"og:image:height\" content=\"600\" \/>\n\t<meta property=\"og:image:type\" content=\"image\/png\" \/>\n<meta name=\"twitter:card\" content=\"summary_large_image\" \/>\n<meta name=\"twitter:label1\" content=\"Est. reading time\" \/>\n\t<meta name=\"twitter:data1\" content=\"1 minute\" \/>\n<script type=\"application\/ld+json\" class=\"yoast-schema-graph\">{\"@context\":\"https:\/\/schema.org\",\"@graph\":[{\"@type\":\"WebPage\",\"@id\":\"https:\/\/distevi.com\/en\/contact-industrial-engineering\/\",\"url\":\"https:\/\/distevi.com\/en\/contact-industrial-engineering\/\",\"name\":\"Industrial Engineering Contact &#8211; DISTEVI\",\"isPartOf\":{\"@id\":\"https:\/\/distevi.com\/en\/#website\"},\"primaryImageOfPage\":{\"@id\":\"https:\/\/distevi.com\/en\/contact-industrial-engineering\/#primaryimage\"},\"image\":{\"@id\":\"https:\/\/distevi.com\/en\/contact-industrial-engineering\/#primaryimage\"},\"thumbnailUrl\":\"https:\/\/distevi.com\/wp-content\/uploads\/2025\/11\/Marruecos.png\",\"datePublished\":\"2025-11-10T15:23:33+00:00\",\"dateModified\":\"2026-02-12T11:08:13+00:00\",\"description\":\"Contact DISTEVI and request information about process engineering and industrial precision machining.\",\"breadcrumb\":{\"@id\":\"https:\/\/distevi.com\/en\/contact-industrial-engineering\/#breadcrumb\"},\"inLanguage\":\"en-US\",\"potentialAction\":[{\"@type\":\"ReadAction\",\"target\":[\"https:\/\/distevi.com\/en\/contact-industrial-engineering\/\"]}]},{\"@type\":\"ImageObject\",\"inLanguage\":\"en-US\",\"@id\":\"https:\/\/distevi.com\/en\/contact-industrial-engineering\/#primaryimage\",\"url\":\"https:\/\/distevi.com\/wp-content\/uploads\/2025\/11\/Marruecos.png\",\"contentUrl\":\"https:\/\/distevi.com\/wp-content\/uploads\/2025\/11\/Marruecos.png\"},{\"@type\":\"BreadcrumbList\",\"@id\":\"https:\/\/distevi.com\/en\/contact-industrial-engineering\/#breadcrumb\",\"itemListElement\":[{\"@type\":\"ListItem\",\"position\":1,\"name\":\"Home\",\"item\":\"https:\/\/distevi.com\/en\/\"},{\"@type\":\"ListItem\",\"position\":2,\"name\":\"Contact\"}]},{\"@type\":\"WebSite\",\"@id\":\"https:\/\/distevi.com\/en\/#website\",\"url\":\"https:\/\/distevi.com\/en\/\",\"name\":\"DISTEVI\",\"description\":\"Ingenier\u00eda de procesos - L\u00edneas de producci\u00f3n y maquinaria especial\",\"potentialAction\":[{\"@type\":\"SearchAction\",\"target\":{\"@type\":\"EntryPoint\",\"urlTemplate\":\"https:\/\/distevi.com\/en\/?s={search_term_string}\"},\"query-input\":{\"@type\":\"PropertyValueSpecification\",\"valueRequired\":true,\"valueName\":\"search_term_string\"}}],\"inLanguage\":\"en-US\"}]}<\/script>\n<!-- \/ Yoast SEO plugin. -->","yoast_head_json":{"title":"Industrial Engineering Contact &#8211; DISTEVI","description":"Contact DISTEVI and request information about process engineering and industrial precision machining.","robots":{"index":"index","follow":"follow","max-snippet":"max-snippet:-1","max-image-preview":"max-image-preview:large","max-video-preview":"max-video-preview:-1"},"canonical":"https:\/\/distevi.com\/en\/contact-industrial-engineering\/","og_locale":"en_US","og_type":"article","og_title":"Industrial Engineering Contact &#8211; DISTEVI","og_description":"Contact DISTEVI and request information about process engineering and industrial precision machining.","og_url":"https:\/\/distevi.com\/en\/contact-industrial-engineering\/","og_site_name":"DISTEVI","article_modified_time":"2026-02-12T11:08:13+00:00","og_image":[{"width":600,"height":600,"url":"https:\/\/distevi.com\/wp-content\/uploads\/2025\/11\/Marruecos.png","type":"image\/png"}],"twitter_card":"summary_large_image","twitter_misc":{"Est. reading time":"1 minute"},"schema":{"@context":"https:\/\/schema.org","@graph":[{"@type":"WebPage","@id":"https:\/\/distevi.com\/en\/contact-industrial-engineering\/","url":"https:\/\/distevi.com\/en\/contact-industrial-engineering\/","name":"Industrial Engineering Contact &#8211; DISTEVI","isPartOf":{"@id":"https:\/\/distevi.com\/en\/#website"},"primaryImageOfPage":{"@id":"https:\/\/distevi.com\/en\/contact-industrial-engineering\/#primaryimage"},"image":{"@id":"https:\/\/distevi.com\/en\/contact-industrial-engineering\/#primaryimage"},"thumbnailUrl":"https:\/\/distevi.com\/wp-content\/uploads\/2025\/11\/Marruecos.png","datePublished":"2025-11-10T15:23:33+00:00","dateModified":"2026-02-12T11:08:13+00:00","description":"Contact DISTEVI and request information about process engineering and industrial precision machining.","breadcrumb":{"@id":"https:\/\/distevi.com\/en\/contact-industrial-engineering\/#breadcrumb"},"inLanguage":"en-US","potentialAction":[{"@type":"ReadAction","target":["https:\/\/distevi.com\/en\/contact-industrial-engineering\/"]}]},{"@type":"ImageObject","inLanguage":"en-US","@id":"https:\/\/distevi.com\/en\/contact-industrial-engineering\/#primaryimage","url":"https:\/\/distevi.com\/wp-content\/uploads\/2025\/11\/Marruecos.png","contentUrl":"https:\/\/distevi.com\/wp-content\/uploads\/2025\/11\/Marruecos.png"},{"@type":"BreadcrumbList","@id":"https:\/\/distevi.com\/en\/contact-industrial-engineering\/#breadcrumb","itemListElement":[{"@type":"ListItem","position":1,"name":"Home","item":"https:\/\/distevi.com\/en\/"},{"@type":"ListItem","position":2,"name":"Contact"}]},{"@type":"WebSite","@id":"https:\/\/distevi.com\/en\/#website","url":"https:\/\/distevi.com\/en\/","name":"DISTEVI","description":"Ingenier\u00eda de procesos - L\u00edneas de producci\u00f3n y maquinaria especial","potentialAction":[{"@type":"SearchAction","target":{"@type":"EntryPoint","urlTemplate":"https:\/\/distevi.com\/en\/?s={search_term_string}"},"query-input":{"@type":"PropertyValueSpecification","valueRequired":true,"valueName":"search_term_string"}}],"inLanguage":"en-US"}]}},"_links":{"self":[{"href":"https:\/\/distevi.com\/en\/wp-json\/wp\/v2\/pages\/1079","targetHints":{"allow":["GET"]}}],"collection":[{"href":"https:\/\/distevi.com\/en\/wp-json\/wp\/v2\/pages"}],"about":[{"href":"https:\/\/distevi.com\/en\/wp-json\/wp\/v2\/types\/page"}],"author":[{"embeddable":true,"href":"https:\/\/distevi.com\/en\/wp-json\/wp\/v2\/users\/1"}],"replies":[{"embeddable":true,"href":"https:\/\/distevi.com\/en\/wp-json\/wp\/v2\/comments?post=1079"}],"version-history":[{"count":10,"href":"https:\/\/distevi.com\/en\/wp-json\/wp\/v2\/pages\/1079\/revisions"}],"predecessor-version":[{"id":1396,"href":"https:\/\/distevi.com\/en\/wp-json\/wp\/v2\/pages\/1079\/revisions\/1396"}],"wp:attachment":[{"href":"https:\/\/distevi.com\/en\/wp-json\/wp\/v2\/media?parent=1079"}],"curies":[{"name":"wp","href":"https:\/\/api.w.org\/{rel}","templated":true}]}}