{"id":1087,"date":"2025-11-10T16:23:19","date_gmt":"2025-11-10T15:23:19","guid":{"rendered":"https:\/\/distevi.com\/grupo-industrial-ingenieria\/"},"modified":"2026-02-12T12:02:22","modified_gmt":"2026-02-12T11:02:22","slug":"about-us","status":"publish","type":"page","link":"https:\/\/distevi.com\/en\/about-us\/","title":{"rendered":"About us"},"content":{"rendered":"\t\t<div data-elementor-type=\"wp-page\" data-elementor-id=\"1087\" class=\"elementor elementor-1087 elementor-27\" data-elementor-post-type=\"page\">\n\t\t\t\t<div class=\"elementor-element elementor-element-7a1e31a e-con-full e-grid e-con e-parent\" data-id=\"7a1e31a\" data-element_type=\"container\" data-e-type=\"container\">\n\t\t\t\t<div class=\"elementor-element elementor-element-e17d3fd elementor-widget elementor-widget-template\" data-id=\"e17d3fd\" data-element_type=\"widget\" data-e-type=\"widget\" data-widget_type=\"template.default\">\n\t\t\t\t<div class=\"elementor-widget-container\">\n\t\t\t\t\t\t\t<div class=\"elementor-template\">\n\t\t\t\t\t<div data-elementor-type=\"container\" data-elementor-id=\"1101\" class=\"elementor elementor-1101 elementor-355\" data-elementor-post-type=\"elementor_library\">\n\t\t\t\t<div class=\"elementor-element elementor-element-78d07b6c e-con-full e-flex e-con e-parent\" data-id=\"78d07b6c\" data-element_type=\"container\" data-e-type=\"container\">\n\t\t<div class=\"elementor-element elementor-element-3682eeac bg-multi e-flex e-con-boxed e-con e-child\" data-id=\"3682eeac\" data-element_type=\"container\" data-e-type=\"container\" data-settings=\"{&quot;background_background&quot;:&quot;classic&quot;}\">\n\t\t\t\t\t<div class=\"e-con-inner\">\n\t\t<div class=\"elementor-element elementor-element-4321a1bc e-con-full animated-fast e-flex elementor-invisible e-con e-child\" data-id=\"4321a1bc\" data-element_type=\"container\" data-e-type=\"container\" data-settings=\"{&quot;animation&quot;:&quot;fadeIn&quot;}\">\n\t\t\t\t<div class=\"elementor-element elementor-element-27fc8d34 elementor-widget elementor-widget-breadcrumbs\" data-id=\"27fc8d34\" data-element_type=\"widget\" data-e-type=\"widget\" data-widget_type=\"breadcrumbs.default\">\n\t\t\t\t<div class=\"elementor-widget-container\">\n\t\t\t\t\t<span id=\"breadcrumbs\"><span><span><a href=\"https:\/\/distevi.com\/en\/\">Home<\/a><\/span><\/span><\/span>\t\t\t\t<\/div>\n\t\t\t\t<\/div>\n\t\t\t\t<\/div>\n\t\t\t\t\t<\/div>\n\t\t\t\t<\/div>\n\t\t\t\t<\/div>\n\t\t\t\t<\/div>\n\t\t\t\t<\/div>\n\t\t\t\t\t\t<\/div>\n\t\t\t\t<\/div>\n\t\t\t\t<\/div>\n\t\t<div class=\"elementor-element elementor-element-856795f e-con-full e-flex e-con e-parent\" data-id=\"856795f\" data-element_type=\"container\" data-e-type=\"container\">\n\t\t<div class=\"elementor-element elementor-element-0f48e3d e-grid e-con-full e-con e-child\" data-id=\"0f48e3d\" data-element_type=\"container\" data-e-type=\"container\">\n\t\t\t\t<div class=\"elementor-element elementor-element-9935725 elementor-widget elementor-widget-image\" data-id=\"9935725\" data-element_type=\"widget\" data-e-type=\"widget\" data-widget_type=\"image.default\">\n\t\t\t\t<div class=\"elementor-widget-container\">\n\t\t\t\t\t\t\t\t\t\t\t\t\t\t\t<img fetchpriority=\"high\" decoding=\"async\" width=\"795\" height=\"563\" src=\"https:\/\/distevi.com\/wp-content\/uploads\/2025\/11\/DISTEVI-edificio.jpg\" class=\"attachment-2048x2048 size-2048x2048 wp-image-1088\" alt=\"\" srcset=\"https:\/\/distevi.com\/wp-content\/uploads\/2025\/11\/DISTEVI-edificio.jpg 795w, https:\/\/distevi.com\/wp-content\/uploads\/2025\/11\/DISTEVI-edificio-300x212.jpg 300w, https:\/\/distevi.com\/wp-content\/uploads\/2025\/11\/DISTEVI-edificio-768x544.jpg 768w\" sizes=\"(max-width: 795px) 100vw, 795px\" \/>\t\t\t\t\t\t\t\t\t\t\t\t\t\t\t<\/div>\n\t\t\t\t<\/div>\n\t\t<div class=\"elementor-element elementor-element-c54011d e-flex e-con-boxed e-con e-child\" data-id=\"c54011d\" data-element_type=\"container\" data-e-type=\"container\">\n\t\t\t\t\t<div class=\"e-con-inner\">\n\t\t\t\t<div class=\"elementor-element elementor-element-627e0de elementor-widget elementor-widget-heading\" data-id=\"627e0de\" data-element_type=\"widget\" data-e-type=\"widget\" data-widget_type=\"heading.default\">\n\t\t\t\t<div class=\"elementor-widget-container\">\n\t\t\t\t\t<h2 class=\"elementor-heading-title elementor-size-default\">DISTEVI Group<\/h2>\t\t\t\t<\/div>\n\t\t\t\t<\/div>\n\t\t\t\t<div class=\"elementor-element elementor-element-550a31d elementor-widget elementor-widget-text-editor\" data-id=\"550a31d\" data-element_type=\"widget\" data-e-type=\"widget\" data-widget_type=\"text-editor.default\">\n\t\t\t\t<div class=\"elementor-widget-container\">\n\t\t\t\t\t\t\t\t\t<p><strong>DISTEVI<\/strong> is an industrial group composed by 2 business units. We provide engineering and manufacturing services in key sectors as Automotive, Electronic, Aeronautic, Defense, Energy among others.<\/p><p>The group is composed by more than 100 professionals based on the headquarters located at Vigo area, in the nothwest of Spain.<\/p><p>We develope our activity in more than 25 countries all around the world with a strong experience in Europe.<\/p><p>We serve high-demand sectors such as automotive, electronics, household appliances, aeronautics, energy, and others, adapting to the technical, regulatory, and production needs of each one.<\/p>\t\t\t\t\t\t\t\t<\/div>\n\t\t\t\t<\/div>\n\t\t\t\t\t<\/div>\n\t\t\t\t<\/div>\n\t\t\t\t<\/div>\n\t\t\t\t<\/div>\n\t\t<div class=\"elementor-element elementor-element-0895b48 e-flex e-con-boxed e-con e-parent\" data-id=\"0895b48\" data-element_type=\"container\" data-e-type=\"container\">\n\t\t\t\t\t<div class=\"e-con-inner\">\n\t\t\t\t<div class=\"elementor-element elementor-element-9290e09 elementor-widget elementor-widget-heading\" data-id=\"9290e09\" data-element_type=\"widget\" data-e-type=\"widget\" data-widget_type=\"heading.default\">\n\t\t\t\t<div class=\"elementor-widget-container\">\n\t\t\t\t\t<h2 class=\"elementor-heading-title elementor-size-default\">Our story<\/h2>\t\t\t\t<\/div>\n\t\t\t\t<\/div>\n\t\t\t\t<div class=\"elementor-element elementor-element-d5f19df carrusel-degradado elementor-pagination-type-bullets elementor-pagination-position-outside elementor-widget elementor-widget-n-carousel\" data-id=\"d5f19df\" data-element_type=\"widget\" data-e-type=\"widget\" data-settings=\"{&quot;carousel_items&quot;:[{&quot;slide_title&quot;:&quot;Slide #1&quot;,&quot;_id&quot;:&quot;1e35d3b&quot;},{&quot;slide_title&quot;:&quot;Slide #1&quot;,&quot;_id&quot;:&quot;5dfdad8&quot;},{&quot;slide_title&quot;:&quot;Slide #1&quot;,&quot;_id&quot;:&quot;f7fe138&quot;},{&quot;slide_title&quot;:&quot;Slide #1&quot;,&quot;_id&quot;:&quot;76f60c5&quot;},{&quot;slide_title&quot;:&quot;Slide #1&quot;,&quot;_id&quot;:&quot;152a2e4&quot;},{&quot;slide_title&quot;:&quot;Slide #1&quot;,&quot;_id&quot;:&quot;1b65376&quot;}],&quot;autoplay_speed&quot;:0,&quot;speed&quot;:5000,&quot;image_spacing_custom&quot;:{&quot;unit&quot;:&quot;px&quot;,&quot;size&quot;:8,&quot;sizes&quot;:[]},&quot;slides_to_show_tablet&quot;:&quot;2&quot;,&quot;slides_to_show_mobile&quot;:&quot;1&quot;,&quot;autoplay&quot;:&quot;yes&quot;,&quot;pause_on_hover&quot;:&quot;yes&quot;,&quot;pause_on_interaction&quot;:&quot;yes&quot;,&quot;infinite&quot;:&quot;yes&quot;,&quot;offset_sides&quot;:&quot;none&quot;,&quot;pagination&quot;:&quot;bullets&quot;,&quot;image_spacing_custom_laptop&quot;:{&quot;unit&quot;:&quot;px&quot;,&quot;size&quot;:&quot;&quot;,&quot;sizes&quot;:[]},&quot;image_spacing_custom_tablet_extra&quot;:{&quot;unit&quot;:&quot;px&quot;,&quot;size&quot;:&quot;&quot;,&quot;sizes&quot;:[]},&quot;image_spacing_custom_tablet&quot;:{&quot;unit&quot;:&quot;px&quot;,&quot;size&quot;:&quot;&quot;,&quot;sizes&quot;:[]},&quot;image_spacing_custom_mobile&quot;:{&quot;unit&quot;:&quot;px&quot;,&quot;size&quot;:&quot;&quot;,&quot;sizes&quot;:[]}}\" data-widget_type=\"nested-carousel.default\">\n\t\t\t\t<div class=\"elementor-widget-container\">\n\t\t\t\t\t\t\t<div class=\"e-n-carousel swiper\" role=\"region\" aria-roledescription=\"carousel\" aria-label=\"Carousel\" dir=\"ltr\">\n\t\t\t<div class=\"swiper-wrapper\" aria-live=\"off\">\n\t\t\t\t\t\t\t\t\t\t<div class=\"swiper-slide\" data-slide=\"1\" role=\"group\" aria-roledescription=\"slide\" aria-label=\"1 of 6\">\n\t\t\t\t\t\t\t<div class=\"elementor-element elementor-element-2459dc4 e-con-full e-flex e-con e-child\" data-id=\"2459dc4\" data-element_type=\"container\" data-e-type=\"container\">\n\t\t<div class=\"elementor-element elementor-element-6fc688d e-con-full e-flex e-con e-child\" data-id=\"6fc688d\" data-element_type=\"container\" data-e-type=\"container\">\n\t\t\t\t<div class=\"elementor-element elementor-element-dc857fb elementor-position-top elementor-widget elementor-widget-image-box\" data-id=\"dc857fb\" data-element_type=\"widget\" data-e-type=\"widget\" data-widget_type=\"image-box.default\">\n\t\t\t\t<div class=\"elementor-widget-container\">\n\t\t\t\t\t<div class=\"elementor-image-box-wrapper\"><figure class=\"elementor-image-box-img\"><img decoding=\"async\" width=\"709\" height=\"56\" src=\"https:\/\/distevi.com\/wp-content\/uploads\/2025\/11\/linea-tiempo-3.png\" class=\"attachment-full size-full wp-image-1145\" alt=\"\" srcset=\"https:\/\/distevi.com\/wp-content\/uploads\/2025\/11\/linea-tiempo-3.png 709w, https:\/\/distevi.com\/wp-content\/uploads\/2025\/11\/linea-tiempo-3-300x24.png 300w\" sizes=\"(max-width: 709px) 100vw, 709px\" \/><\/figure><div class=\"elementor-image-box-content\"><h3 class=\"elementor-image-box-title\">2001<\/h3><p class=\"elementor-image-box-description\">Creation of VIGUMAT \u2013 Viguesa de\n\u00datiles y Matricer\u00eda SL.<\/p><\/div><\/div>\t\t\t\t<\/div>\n\t\t\t\t<\/div>\n\t\t\t\t<\/div>\n\t\t\t\t<\/div>\n\t\t\t\t\t\t\t\t<\/div>\n\t\t\t\t\t\t\t\t\t\t\t<div class=\"swiper-slide\" data-slide=\"2\" role=\"group\" aria-roledescription=\"slide\" aria-label=\"2 of 6\">\n\t\t\t\t\t\t\t<div class=\"elementor-element elementor-element-bd9b7e1 e-con-full e-flex e-con e-child\" data-id=\"bd9b7e1\" data-element_type=\"container\" data-e-type=\"container\">\n\t\t<div class=\"elementor-element elementor-element-2df04ea e-con-full e-flex e-con e-child\" data-id=\"2df04ea\" data-element_type=\"container\" data-e-type=\"container\">\n\t\t\t\t<div class=\"elementor-element elementor-element-7c597e9 elementor-position-top elementor-widget elementor-widget-image-box\" data-id=\"7c597e9\" data-element_type=\"widget\" data-e-type=\"widget\" data-widget_type=\"image-box.default\">\n\t\t\t\t<div class=\"elementor-widget-container\">\n\t\t\t\t\t<div class=\"elementor-image-box-wrapper\"><figure class=\"elementor-image-box-img\"><img decoding=\"async\" width=\"709\" height=\"56\" src=\"https:\/\/distevi.com\/wp-content\/uploads\/2025\/11\/linea-tiempo-3.png\" class=\"attachment-full size-full wp-image-1145\" alt=\"\" srcset=\"https:\/\/distevi.com\/wp-content\/uploads\/2025\/11\/linea-tiempo-3.png 709w, https:\/\/distevi.com\/wp-content\/uploads\/2025\/11\/linea-tiempo-3-300x24.png 300w\" sizes=\"(max-width: 709px) 100vw, 709px\" \/><\/figure><div class=\"elementor-image-box-content\"><h3 class=\"elementor-image-box-title\">2004<\/h3><p class=\"elementor-image-box-description\">Creation of DISTEVI S.L as technical\noffice to offer mechanical design services to\nVIGUMAT.<\/p><\/div><\/div>\t\t\t\t<\/div>\n\t\t\t\t<\/div>\n\t\t\t\t<\/div>\n\t\t\t\t<\/div>\n\t\t\t\t\t\t\t\t<\/div>\n\t\t\t\t\t\t\t\t\t\t\t<div class=\"swiper-slide\" data-slide=\"3\" role=\"group\" aria-roledescription=\"slide\" aria-label=\"3 of 6\">\n\t\t\t\t\t\t\t<div class=\"elementor-element elementor-element-fd3ea71 e-con-full e-flex e-con e-child\" data-id=\"fd3ea71\" data-element_type=\"container\" data-e-type=\"container\">\n\t\t<div class=\"elementor-element elementor-element-3b9cca0 e-con-full e-flex e-con e-child\" data-id=\"3b9cca0\" data-element_type=\"container\" data-e-type=\"container\">\n\t\t\t\t<div class=\"elementor-element elementor-element-27a3c3a elementor-position-top elementor-widget elementor-widget-image-box\" data-id=\"27a3c3a\" data-element_type=\"widget\" data-e-type=\"widget\" data-widget_type=\"image-box.default\">\n\t\t\t\t<div class=\"elementor-widget-container\">\n\t\t\t\t\t<div class=\"elementor-image-box-wrapper\"><figure class=\"elementor-image-box-img\"><img decoding=\"async\" width=\"709\" height=\"56\" src=\"https:\/\/distevi.com\/wp-content\/uploads\/2025\/11\/linea-tiempo-3.png\" class=\"attachment-full size-full wp-image-1145\" alt=\"\" srcset=\"https:\/\/distevi.com\/wp-content\/uploads\/2025\/11\/linea-tiempo-3.png 709w, https:\/\/distevi.com\/wp-content\/uploads\/2025\/11\/linea-tiempo-3-300x24.png 300w\" sizes=\"(max-width: 709px) 100vw, 709px\" \/><\/figure><div class=\"elementor-image-box-content\"><h3 class=\"elementor-image-box-title\">2005<\/h3><p class=\"elementor-image-box-description\">Creation of DISTEVI workshop and\nsplitting of independent business activities.<\/p><\/div><\/div>\t\t\t\t<\/div>\n\t\t\t\t<\/div>\n\t\t\t\t<\/div>\n\t\t\t\t<\/div>\n\t\t\t\t\t\t\t\t<\/div>\n\t\t\t\t\t\t\t\t\t\t\t<div class=\"swiper-slide\" data-slide=\"4\" role=\"group\" aria-roledescription=\"slide\" aria-label=\"4 of 6\">\n\t\t\t\t\t\t\t<div class=\"elementor-element elementor-element-d16566e e-con-full e-flex e-con e-child\" data-id=\"d16566e\" data-element_type=\"container\" data-e-type=\"container\">\n\t\t<div class=\"elementor-element elementor-element-3077790 e-con-full e-flex e-con e-child\" data-id=\"3077790\" data-element_type=\"container\" data-e-type=\"container\">\n\t\t\t\t<div class=\"elementor-element elementor-element-c77eacd elementor-position-top elementor-widget elementor-widget-image-box\" data-id=\"c77eacd\" data-element_type=\"widget\" data-e-type=\"widget\" data-widget_type=\"image-box.default\">\n\t\t\t\t<div class=\"elementor-widget-container\">\n\t\t\t\t\t<div class=\"elementor-image-box-wrapper\"><figure class=\"elementor-image-box-img\"><img decoding=\"async\" width=\"709\" height=\"56\" src=\"https:\/\/distevi.com\/wp-content\/uploads\/2025\/11\/linea-tiempo-3.png\" class=\"attachment-full size-full wp-image-1145\" alt=\"\" srcset=\"https:\/\/distevi.com\/wp-content\/uploads\/2025\/11\/linea-tiempo-3.png 709w, https:\/\/distevi.com\/wp-content\/uploads\/2025\/11\/linea-tiempo-3-300x24.png 300w\" sizes=\"(max-width: 709px) 100vw, 709px\" \/><\/figure><div class=\"elementor-image-box-content\"><h3 class=\"elementor-image-box-title\">2007<\/h3><p class=\"elementor-image-box-description\">DISTEVI moves to bigger workshop\nand integration of automation department.<\/p><\/div><\/div>\t\t\t\t<\/div>\n\t\t\t\t<\/div>\n\t\t\t\t<\/div>\n\t\t\t\t<\/div>\n\t\t\t\t\t\t\t\t<\/div>\n\t\t\t\t\t\t\t\t\t\t\t<div class=\"swiper-slide\" data-slide=\"5\" role=\"group\" aria-roledescription=\"slide\" aria-label=\"5 of 6\">\n\t\t\t\t\t\t\t<div class=\"elementor-element elementor-element-851ab8e e-con-full e-flex e-con e-child\" data-id=\"851ab8e\" data-element_type=\"container\" data-e-type=\"container\">\n\t\t<div class=\"elementor-element elementor-element-2dbc3be e-con-full e-flex e-con e-child\" data-id=\"2dbc3be\" data-element_type=\"container\" data-e-type=\"container\">\n\t\t\t\t<div class=\"elementor-element elementor-element-18c42b3 elementor-position-top elementor-widget elementor-widget-image-box\" data-id=\"18c42b3\" data-element_type=\"widget\" data-e-type=\"widget\" data-widget_type=\"image-box.default\">\n\t\t\t\t<div class=\"elementor-widget-container\">\n\t\t\t\t\t<div class=\"elementor-image-box-wrapper\"><figure class=\"elementor-image-box-img\"><img decoding=\"async\" width=\"709\" height=\"56\" src=\"https:\/\/distevi.com\/wp-content\/uploads\/2025\/11\/linea-tiempo-3.png\" class=\"attachment-full size-full wp-image-1145\" alt=\"\" srcset=\"https:\/\/distevi.com\/wp-content\/uploads\/2025\/11\/linea-tiempo-3.png 709w, https:\/\/distevi.com\/wp-content\/uploads\/2025\/11\/linea-tiempo-3-300x24.png 300w\" sizes=\"(max-width: 709px) 100vw, 709px\" \/><\/figure><div class=\"elementor-image-box-content\"><h3 class=\"elementor-image-box-title\">2017<\/h3><p class=\"elementor-image-box-description\">Group moves to new bigger and\nmodern facilities.<\/p><\/div><\/div>\t\t\t\t<\/div>\n\t\t\t\t<\/div>\n\t\t\t\t<\/div>\n\t\t\t\t<\/div>\n\t\t\t\t\t\t\t\t<\/div>\n\t\t\t\t\t\t\t\t\t\t\t<div class=\"swiper-slide\" data-slide=\"6\" role=\"group\" aria-roledescription=\"slide\" aria-label=\"6 of 6\">\n\t\t\t\t\t\t\t<div class=\"elementor-element elementor-element-f43009f e-con-full e-flex e-con e-child\" data-id=\"f43009f\" data-element_type=\"container\" data-e-type=\"container\">\n\t\t<div class=\"elementor-element elementor-element-c5b44a1 e-con-full e-flex e-con e-child\" data-id=\"c5b44a1\" data-element_type=\"container\" data-e-type=\"container\">\n\t\t\t\t<div class=\"elementor-element elementor-element-d169a2a elementor-position-top elementor-widget elementor-widget-image-box\" data-id=\"d169a2a\" data-element_type=\"widget\" data-e-type=\"widget\" data-widget_type=\"image-box.default\">\n\t\t\t\t<div class=\"elementor-widget-container\">\n\t\t\t\t\t<div class=\"elementor-image-box-wrapper\"><figure class=\"elementor-image-box-img\"><img decoding=\"async\" width=\"709\" height=\"56\" src=\"https:\/\/distevi.com\/wp-content\/uploads\/2025\/11\/linea-tiempo-3final.png\" class=\"attachment-full size-full wp-image-1146\" alt=\"\" srcset=\"https:\/\/distevi.com\/wp-content\/uploads\/2025\/11\/linea-tiempo-3final.png 709w, https:\/\/distevi.com\/wp-content\/uploads\/2025\/11\/linea-tiempo-3final-300x24.png 300w\" sizes=\"(max-width: 709px) 100vw, 709px\" \/><\/figure><div class=\"elementor-image-box-content\"><h3 class=\"elementor-image-box-title\">2025<\/h3><p class=\"elementor-image-box-description\">Ampliation of group facilities.<\/p><\/div><\/div>\t\t\t\t<\/div>\n\t\t\t\t<\/div>\n\t\t\t\t<\/div>\n\t\t\t\t<\/div>\n\t\t\t\t\t\t\t\t<\/div>\n\t\t\t\t\t\t\t\t<\/div>\n\t\t<\/div>\n\t\t\t\t\t<div class=\"swiper-pagination\"><\/div>\n\t\t\t\t\t\t<\/div>\n\t\t\t\t<\/div>\n\t\t\t\t\t<\/div>\n\t\t\t\t<\/div>\n\t\t\t\t<\/div>\n\t\t","protected":false},"excerpt":{"rendered":"<p>DISTEVI Group DISTEVI is an industrial group composed by 2 business units. We provide engineering and manufacturing services in key sectors as Automotive, Electronic, Aeronautic, Defense, Energy among others. The group is composed by more than 100 professionals based on the headquarters located at Vigo area, in the nothwest of Spain. We develope our activity [&hellip;]<\/p>\n","protected":false},"author":1,"featured_media":1089,"parent":0,"menu_order":0,"comment_status":"closed","ping_status":"closed","template":"","meta":{"footnotes":""},"class_list":["post-1087","page","type-page","status-publish","has-post-thumbnail","hentry"],"yoast_head":"<!-- This site is optimized with the Yoast SEO plugin v26.9 - https:\/\/yoast.com\/product\/yoast-seo-wordpress\/ -->\n<title>Industrial engineering group &#8211; About DISTEVI<\/title>\n<meta name=\"description\" content=\"Meet DISTEVI, an industrial group with an international presence and more than 100 professionals in engineering and advanced manufacturing.\" \/>\n<meta name=\"robots\" content=\"index, follow, max-snippet:-1, max-image-preview:large, max-video-preview:-1\" \/>\n<link rel=\"canonical\" href=\"https:\/\/distevi.com\/en\/about-us\/\" \/>\n<meta property=\"og:locale\" content=\"en_US\" \/>\n<meta property=\"og:type\" content=\"article\" \/>\n<meta property=\"og:title\" content=\"Industrial engineering group &#8211; About DISTEVI\" \/>\n<meta property=\"og:description\" content=\"Meet DISTEVI, an industrial group with an international presence and more than 100 professionals in engineering and advanced manufacturing.\" \/>\n<meta property=\"og:url\" content=\"https:\/\/distevi.com\/en\/about-us\/\" \/>\n<meta property=\"og:site_name\" content=\"DISTEVI\" \/>\n<meta property=\"article:modified_time\" content=\"2026-02-12T11:02:22+00:00\" \/>\n<meta property=\"og:image\" content=\"https:\/\/distevi.com\/wp-content\/uploads\/2025\/11\/bg-5.jpg\" \/>\n\t<meta property=\"og:image:width\" content=\"1920\" \/>\n\t<meta property=\"og:image:height\" content=\"600\" \/>\n\t<meta property=\"og:image:type\" content=\"image\/jpeg\" \/>\n<meta name=\"twitter:card\" content=\"summary_large_image\" \/>\n<meta name=\"twitter:label1\" content=\"Est. reading time\" \/>\n\t<meta name=\"twitter:data1\" content=\"4 minutes\" \/>\n<script type=\"application\/ld+json\" class=\"yoast-schema-graph\">{\"@context\":\"https:\/\/schema.org\",\"@graph\":[{\"@type\":\"WebPage\",\"@id\":\"https:\/\/distevi.com\/en\/about-us\/\",\"url\":\"https:\/\/distevi.com\/en\/about-us\/\",\"name\":\"Industrial engineering group &#8211; About DISTEVI\",\"isPartOf\":{\"@id\":\"https:\/\/distevi.com\/en\/#website\"},\"primaryImageOfPage\":{\"@id\":\"https:\/\/distevi.com\/en\/about-us\/#primaryimage\"},\"image\":{\"@id\":\"https:\/\/distevi.com\/en\/about-us\/#primaryimage\"},\"thumbnailUrl\":\"https:\/\/distevi.com\/wp-content\/uploads\/2025\/11\/bg-5.jpg\",\"datePublished\":\"2025-11-10T15:23:19+00:00\",\"dateModified\":\"2026-02-12T11:02:22+00:00\",\"description\":\"Meet DISTEVI, an industrial group with an international presence and more than 100 professionals in engineering and advanced manufacturing.\",\"breadcrumb\":{\"@id\":\"https:\/\/distevi.com\/en\/about-us\/#breadcrumb\"},\"inLanguage\":\"en-US\",\"potentialAction\":[{\"@type\":\"ReadAction\",\"target\":[\"https:\/\/distevi.com\/en\/about-us\/\"]}]},{\"@type\":\"ImageObject\",\"inLanguage\":\"en-US\",\"@id\":\"https:\/\/distevi.com\/en\/about-us\/#primaryimage\",\"url\":\"https:\/\/distevi.com\/wp-content\/uploads\/2025\/11\/bg-5.jpg\",\"contentUrl\":\"https:\/\/distevi.com\/wp-content\/uploads\/2025\/11\/bg-5.jpg\",\"width\":1920,\"height\":600},{\"@type\":\"BreadcrumbList\",\"@id\":\"https:\/\/distevi.com\/en\/about-us\/#breadcrumb\",\"itemListElement\":[{\"@type\":\"ListItem\",\"position\":1,\"name\":\"Home\",\"item\":\"https:\/\/distevi.com\/en\/\"},{\"@type\":\"ListItem\",\"position\":2,\"name\":\"About us\"}]},{\"@type\":\"WebSite\",\"@id\":\"https:\/\/distevi.com\/en\/#website\",\"url\":\"https:\/\/distevi.com\/en\/\",\"name\":\"DISTEVI\",\"description\":\"Ingenier\u00eda de procesos - L\u00edneas de producci\u00f3n y maquinaria especial\",\"potentialAction\":[{\"@type\":\"SearchAction\",\"target\":{\"@type\":\"EntryPoint\",\"urlTemplate\":\"https:\/\/distevi.com\/en\/?s={search_term_string}\"},\"query-input\":{\"@type\":\"PropertyValueSpecification\",\"valueRequired\":true,\"valueName\":\"search_term_string\"}}],\"inLanguage\":\"en-US\"}]}<\/script>\n<!-- \/ Yoast SEO plugin. -->","yoast_head_json":{"title":"Industrial engineering group &#8211; About DISTEVI","description":"Meet DISTEVI, an industrial group with an international presence and more than 100 professionals in engineering and advanced manufacturing.","robots":{"index":"index","follow":"follow","max-snippet":"max-snippet:-1","max-image-preview":"max-image-preview:large","max-video-preview":"max-video-preview:-1"},"canonical":"https:\/\/distevi.com\/en\/about-us\/","og_locale":"en_US","og_type":"article","og_title":"Industrial engineering group &#8211; About DISTEVI","og_description":"Meet DISTEVI, an industrial group with an international presence and more than 100 professionals in engineering and advanced manufacturing.","og_url":"https:\/\/distevi.com\/en\/about-us\/","og_site_name":"DISTEVI","article_modified_time":"2026-02-12T11:02:22+00:00","og_image":[{"width":1920,"height":600,"url":"https:\/\/distevi.com\/wp-content\/uploads\/2025\/11\/bg-5.jpg","type":"image\/jpeg"}],"twitter_card":"summary_large_image","twitter_misc":{"Est. reading time":"4 minutes"},"schema":{"@context":"https:\/\/schema.org","@graph":[{"@type":"WebPage","@id":"https:\/\/distevi.com\/en\/about-us\/","url":"https:\/\/distevi.com\/en\/about-us\/","name":"Industrial engineering group &#8211; About DISTEVI","isPartOf":{"@id":"https:\/\/distevi.com\/en\/#website"},"primaryImageOfPage":{"@id":"https:\/\/distevi.com\/en\/about-us\/#primaryimage"},"image":{"@id":"https:\/\/distevi.com\/en\/about-us\/#primaryimage"},"thumbnailUrl":"https:\/\/distevi.com\/wp-content\/uploads\/2025\/11\/bg-5.jpg","datePublished":"2025-11-10T15:23:19+00:00","dateModified":"2026-02-12T11:02:22+00:00","description":"Meet DISTEVI, an industrial group with an international presence and more than 100 professionals in engineering and advanced manufacturing.","breadcrumb":{"@id":"https:\/\/distevi.com\/en\/about-us\/#breadcrumb"},"inLanguage":"en-US","potentialAction":[{"@type":"ReadAction","target":["https:\/\/distevi.com\/en\/about-us\/"]}]},{"@type":"ImageObject","inLanguage":"en-US","@id":"https:\/\/distevi.com\/en\/about-us\/#primaryimage","url":"https:\/\/distevi.com\/wp-content\/uploads\/2025\/11\/bg-5.jpg","contentUrl":"https:\/\/distevi.com\/wp-content\/uploads\/2025\/11\/bg-5.jpg","width":1920,"height":600},{"@type":"BreadcrumbList","@id":"https:\/\/distevi.com\/en\/about-us\/#breadcrumb","itemListElement":[{"@type":"ListItem","position":1,"name":"Home","item":"https:\/\/distevi.com\/en\/"},{"@type":"ListItem","position":2,"name":"About us"}]},{"@type":"WebSite","@id":"https:\/\/distevi.com\/en\/#website","url":"https:\/\/distevi.com\/en\/","name":"DISTEVI","description":"Ingenier\u00eda de procesos - L\u00edneas de producci\u00f3n y maquinaria especial","potentialAction":[{"@type":"SearchAction","target":{"@type":"EntryPoint","urlTemplate":"https:\/\/distevi.com\/en\/?s={search_term_string}"},"query-input":{"@type":"PropertyValueSpecification","valueRequired":true,"valueName":"search_term_string"}}],"inLanguage":"en-US"}]}},"_links":{"self":[{"href":"https:\/\/distevi.com\/en\/wp-json\/wp\/v2\/pages\/1087","targetHints":{"allow":["GET"]}}],"collection":[{"href":"https:\/\/distevi.com\/en\/wp-json\/wp\/v2\/pages"}],"about":[{"href":"https:\/\/distevi.com\/en\/wp-json\/wp\/v2\/types\/page"}],"author":[{"embeddable":true,"href":"https:\/\/distevi.com\/en\/wp-json\/wp\/v2\/users\/1"}],"replies":[{"embeddable":true,"href":"https:\/\/distevi.com\/en\/wp-json\/wp\/v2\/comments?post=1087"}],"version-history":[{"count":13,"href":"https:\/\/distevi.com\/en\/wp-json\/wp\/v2\/pages\/1087\/revisions"}],"predecessor-version":[{"id":1393,"href":"https:\/\/distevi.com\/en\/wp-json\/wp\/v2\/pages\/1087\/revisions\/1393"}],"wp:featuredmedia":[{"embeddable":true,"href":"https:\/\/distevi.com\/en\/wp-json\/wp\/v2\/media\/1089"}],"wp:attachment":[{"href":"https:\/\/distevi.com\/en\/wp-json\/wp\/v2\/media?parent=1087"}],"curies":[{"name":"wp","href":"https:\/\/api.w.org\/{rel}","templated":true}]}}