{"id":1094,"date":"2023-01-16T08:20:18","date_gmt":"2023-01-16T07:20:18","guid":{"rendered":"https:\/\/distevi.com\/politica-privacidad\/"},"modified":"2026-02-10T11:27:57","modified_gmt":"2026-02-10T10:27:57","slug":"privacy-policy","status":"publish","type":"page","link":"https:\/\/distevi.com\/en\/privacy-policy\/","title":{"rendered":"Privacy Policy"},"content":{"rendered":"\t\t<div data-elementor-type=\"wp-page\" data-elementor-id=\"1094\" class=\"elementor elementor-1094 elementor-3\" data-elementor-post-type=\"page\">\n\t\t\t\t<div class=\"elementor-element elementor-element-be99803 e-grid e-con-full e-con e-parent\" data-id=\"be99803\" data-element_type=\"container\" data-e-type=\"container\">\n\t\t\t\t<div class=\"elementor-element elementor-element-9e08333 elementor-widget elementor-widget-template\" data-id=\"9e08333\" data-element_type=\"widget\" data-e-type=\"widget\" data-widget_type=\"template.default\">\n\t\t\t\t<div class=\"elementor-widget-container\">\n\t\t\t\t\t\t\t<div class=\"elementor-template\">\n\t\t\t\t\t<div data-elementor-type=\"container\" data-elementor-id=\"1101\" class=\"elementor elementor-1101 elementor-355\" data-elementor-post-type=\"elementor_library\">\n\t\t\t\t<div class=\"elementor-element elementor-element-78d07b6c e-con-full e-flex e-con e-parent\" data-id=\"78d07b6c\" data-element_type=\"container\" data-e-type=\"container\">\n\t\t<div class=\"elementor-element elementor-element-3682eeac bg-multi e-flex e-con-boxed e-con e-child\" data-id=\"3682eeac\" data-element_type=\"container\" data-e-type=\"container\" data-settings=\"{&quot;background_background&quot;:&quot;classic&quot;}\">\n\t\t\t\t\t<div class=\"e-con-inner\">\n\t\t<div class=\"elementor-element elementor-element-4321a1bc e-con-full animated-fast e-flex elementor-invisible e-con e-child\" data-id=\"4321a1bc\" data-element_type=\"container\" data-e-type=\"container\" data-settings=\"{&quot;animation&quot;:&quot;fadeIn&quot;}\">\n\t\t\t\t<div class=\"elementor-element elementor-element-27fc8d34 elementor-widget elementor-widget-breadcrumbs\" data-id=\"27fc8d34\" data-element_type=\"widget\" data-e-type=\"widget\" data-widget_type=\"breadcrumbs.default\">\n\t\t\t\t<div class=\"elementor-widget-container\">\n\t\t\t\t\t<span id=\"breadcrumbs\"><span><span><a href=\"https:\/\/distevi.com\/en\/\">Home<\/a><\/span><\/span><\/span>\t\t\t\t<\/div>\n\t\t\t\t<\/div>\n\t\t\t\t<\/div>\n\t\t\t\t\t<\/div>\n\t\t\t\t<\/div>\n\t\t\t\t<\/div>\n\t\t\t\t<\/div>\n\t\t\t\t<\/div>\n\t\t\t\t\t\t<\/div>\n\t\t\t\t<\/div>\n\t\t\t\t<\/div>\n\t\t<div class=\"elementor-element elementor-element-7ea04eb5 e-flex e-con-boxed e-con e-parent\" data-id=\"7ea04eb5\" data-element_type=\"container\" data-e-type=\"container\">\n\t\t\t\t\t<div class=\"e-con-inner\">\n\t\t\t\t<div class=\"elementor-element elementor-element-5bcb7ff5 elementor-widget elementor-widget-text-editor\" data-id=\"5bcb7ff5\" data-element_type=\"widget\" data-e-type=\"widget\" data-widget_type=\"text-editor.default\">\n\t\t\t\t<div class=\"elementor-widget-container\">\n\t\t\t\t\t\t\t\t\t<div id=\"legal\">\n<h2>PRIVACY POLICY AND DATA PROTECTION<\/h2>\n&nbsp;\n\nIn compliance with Regulation (EU) 2016\/679 of the European Parliament and of the Council of 27 April 2016 on the protection of natural persons with regard to the processing of personal data, repealing Directive 95\/46\/EC (hereinafter, GDPR), Law 34\/2002 of 11 July on Information Society Services and Electronic Commerce (hereinafter, LSSI-CE), and Organic Law 3\/2018 on the Protection of Personal Data and the guarantee of digital rights (hereinafter, LOPDGDD), <strong>DISTEVI S.L.<\/strong> guarantees the protection and confidentiality of personal data of any kind provided to us by our clients, in accordance with the provisions of the General Data Protection Regulation.\n\nThe data provided will be processed under the terms established in the GDPR. In this regard, <strong>DISTEVI S.L.<\/strong> has adopted the legally required levels of protection and has implemented all technical measures within its reach to prevent loss, misuse, alteration, or unauthorized access by third parties, as detailed below. However, users should be aware that security measures on the Internet are not impregnable.\n\n&nbsp;\n<h4><strong>Data Controller<\/strong><\/h4>\n<strong> Company name: DISTEVI S.L.<\/strong>\n<strong> Tax ID: B36933844<\/strong>\n<strong> Address: Pol\u00edgono Industrial A Granxa Sur PPI 6, Plot 32<\/strong>\n<strong> Telephone: 986247412<\/strong>\n<strong> Email: dpto.comercial@distevi.com<\/strong>\n<h4><\/h4>\n&nbsp;\n<h4><strong>Purpose of processing<\/strong><\/h4>\nAll data provided by our clients and\/or visitors on the <strong>DISTEVI S.L.<\/strong> website or to its staff will be included in a record of personal data processing activities, created and maintained under the responsibility of <strong>DISTEVI S.L.<\/strong>. Such data are essential to provide the services requested by users or to respond to questions or inquiries raised by our visitors. Our policy is not to create user profiles for our services.\n<h4><\/h4>\n<h4><strong>Lawfulness of processing<\/strong><\/h4>\n<ol type=\"a\">\n \t<li>Contractual relationship: This applies when you purchase one of our products or contract one of our services.<\/li>\n \t<li>Legitimate interest: To respond to inquiries and complaints submitted to us and to manage the collection of outstanding amounts.<\/li>\n \t<li>Your consent: If you are a user of our website, by checking the box included in the contact form, you authorize us to send you the communications necessary to respond to your inquiry or request for information.<\/li>\n<\/ol>\n<h4><\/h4>\n&nbsp;\n<h4><strong>Recipients<\/strong><\/h4>\nWe do not transfer your personal data to any third party, except to public or private entities to which we are legally obliged to provide such data in order to comply with applicable laws. For example, tax legislation requires us to provide the Tax Agency with certain information on economic transactions that exceed a specific amount.\n\nIf, outside of the cases mentioned above, we need to disclose your personal information to other entities, we will request your prior consent through clear options that allow you to decide in this regard.\n<h4><\/h4>\n<h4><strong>Data transfers<\/strong><\/h4>\nWe will not carry out international transfers of your personal data for any of the purposes indicated.\n(<strong>INTERNAL NOTE<\/strong>: THIS PARAGRAPH MUST BE CHANGED BY THE CONTROLLER IF INTERNATIONAL TRANSFERS ACTUALLY TAKE PLACE. WE RECOMMEND SEEKING ADVICE IF YOU DO NOT KNOW HOW TO REFLECT THIS CORRECTLY IN ORDER TO COMPLY WITH REGULATIONS.)\n<h4><\/h4>\n&nbsp;\n<h4><strong>Data retention<\/strong><\/h4>\nWe will only retain your personal data for as long as necessary to achieve the purposes for which they were collected. When determining the appropriate retention period, we assess the risks involved in the processing, as well as our contractual, legal, and regulatory obligations, internal data retention policies, and our legitimate business interests described in this Privacy Notice and Cookie Policy.\n\nIn this regard, <strong>DISTEVI S.L.<\/strong> will retain personal data once its relationship with you has ended, duly blocked, for the limitation period of any actions that may arise from the relationship maintained with the data subject.\n\nOnce blocked, your data will be inaccessible to <strong>DISTEVI S.L.<\/strong> and will not be processed except for making them available to public administrations, judges, and courts, for the handling of any liabilities arising from the processing, as well as for the exercise and defense of claims before the Spanish Data Protection Agency.\n<h4><\/h4>\n<h4><strong>Security<\/strong><\/h4>\nWe use all reasonable efforts to maintain the confidentiality of personal information processed in our systems. We maintain strict security levels to protect the personal data we process against accidental loss and unauthorized access, processing, or disclosure, taking into account the state of the technology, the nature of the data, and the risks to which they are exposed. However, we cannot be held responsible for the use you make of the data (including username and password) that you use on our website. Our staff strictly follows privacy regulations, and if we hire third parties to provide support services, we require them to comply with the same standards and allow us to audit them to verify compliance.\n<h4><\/h4>\n&nbsp;\n<h4><strong>Your rights<\/strong><\/h4>\nWe inform you that you may exercise the following rights:\n<ol type=\"a\">\n \t<li>The right of access to your personal data, to know which data are being processed and the processing operations carried out on them;<\/li>\n \t<li>The right to rectification of any inaccurate personal data;<\/li>\n \t<li>The right to erasure of your personal data, when possible (for example, due to a legal obligation);<\/li>\n \t<li>The right to restriction of the processing of your personal data when the accuracy, legality, or necessity of the processing is in doubt, in which case we may retain the data for the exercise or defense of claims.<\/li>\n \t<li>The right to object to the processing of your personal data when the legal basis enabling us to process them is our legitimate interest. \u201cCompany_Name\u201d will cease processing your data unless it has a legitimate interest or it is necessary for the defense of claims.<\/li>\n \t<li>The right to data portability when the legal basis enabling us to process them is the existence of a contractual relationship or your consent.<\/li>\n \t<li>The right to withdraw the consent granted to <strong>DISTEVI S.L.<\/strong><\/li>\n<\/ol>\nTo exercise your rights, you may do so free of charge and at any time by contacting us at Pol\u00edgono Industrial A Granxa Sur PPI 6, Plot 32, enclosing a copy of your ID.\n<h4><\/h4>\n&nbsp;\n<h4><strong>Enforcement of rights<\/strong><\/h4>\nIf you believe that your rights have not been adequately addressed by our entity, you may file a complaint with the Spanish Data Protection Agency through any of the following means:\n<ul>\n \t<li>Electronic office: <a href=\"https:\/\/www.aepd.es\">https:\/\/www.aepd.es<\/a><\/li>\n \t<li>Postal mail: Agencia Espa\u00f1ola de Protecci\u00f3n de Datos, C\/ Jorge Juan, 6, 28001, Madrid<\/li>\n \t<li>Telephone: 901.100.099 and 912.663.517<\/li>\n<\/ul>\nFiling a complaint with the Spanish Data Protection Agency does not entail any cost and does not require the assistance of a lawyer or legal representative.\n<h4><\/h4>\n<h4><\/h4>\n<h4><strong>Updates<\/strong><\/h4>\n<strong>DISTEVI S.L.<\/strong> reserves the right to modify this policy in order to adapt it to legislative or case-law developments that may affect compliance.\n\n&nbsp;\n\n<\/div>\n\t\t\t\t\t\t\t\t<\/div>\n\t\t\t\t<\/div>\n\t\t\t\t\t<\/div>\n\t\t\t\t<\/div>\n\t\t\t\t<\/div>\n\t\t","protected":false},"excerpt":{"rendered":"<p>PRIVACY POLICY AND DATA PROTECTION &nbsp; In compliance with Regulation (EU) 2016\/679 of the European Parliament and of the Council of 27 April 2016 on the protection of natural persons with regard to the processing of personal data, repealing Directive 95\/46\/EC (hereinafter, GDPR), Law 34\/2002 of 11 July on Information Society Services and Electronic Commerce [&hellip;]<\/p>\n","protected":false},"author":1,"featured_media":0,"parent":0,"menu_order":0,"comment_status":"closed","ping_status":"closed","template":"","meta":{"footnotes":""},"class_list":["post-1094","page","type-page","status-publish","hentry"],"yoast_head":"<!-- This site is optimized with the Yoast SEO plugin v26.9 - https:\/\/yoast.com\/product\/yoast-seo-wordpress\/ -->\n<title>Privacy Policy &#8211; DISTEVI<\/title>\n<meta name=\"robots\" content=\"noindex, follow\" \/>\n<meta property=\"og:locale\" content=\"en_US\" \/>\n<meta property=\"og:type\" content=\"article\" \/>\n<meta property=\"og:title\" content=\"Privacy Policy &#8211; DISTEVI\" \/>\n<meta property=\"og:description\" content=\"PRIVACY POLICY AND DATA PROTECTION &nbsp; In compliance with Regulation (EU) 2016\/679 of the European Parliament and of the Council of 27 April 2016 on the protection of natural persons with regard to the processing of personal data, repealing Directive 95\/46\/EC (hereinafter, GDPR), Law 34\/2002 of 11 July on Information Society Services and Electronic Commerce [&hellip;]\" \/>\n<meta property=\"og:url\" content=\"https:\/\/distevi.com\/en\/privacy-policy\/\" \/>\n<meta property=\"og:site_name\" content=\"DISTEVI\" \/>\n<meta property=\"article:modified_time\" content=\"2026-02-10T10:27:57+00:00\" \/>\n<meta name=\"twitter:card\" content=\"summary_large_image\" \/>\n<meta name=\"twitter:label1\" content=\"Est. reading time\" \/>\n\t<meta name=\"twitter:data1\" content=\"5 minutes\" \/>\n<script type=\"application\/ld+json\" class=\"yoast-schema-graph\">{\"@context\":\"https:\/\/schema.org\",\"@graph\":[{\"@type\":\"WebPage\",\"@id\":\"https:\/\/distevi.com\/en\/privacy-policy\/\",\"url\":\"https:\/\/distevi.com\/en\/privacy-policy\/\",\"name\":\"Privacy Policy &#8211; DISTEVI\",\"isPartOf\":{\"@id\":\"https:\/\/distevi.com\/en\/#website\"},\"datePublished\":\"2023-01-16T07:20:18+00:00\",\"dateModified\":\"2026-02-10T10:27:57+00:00\",\"breadcrumb\":{\"@id\":\"https:\/\/distevi.com\/en\/privacy-policy\/#breadcrumb\"},\"inLanguage\":\"en-US\",\"potentialAction\":[{\"@type\":\"ReadAction\",\"target\":[\"https:\/\/distevi.com\/en\/privacy-policy\/\"]}]},{\"@type\":\"BreadcrumbList\",\"@id\":\"https:\/\/distevi.com\/en\/privacy-policy\/#breadcrumb\",\"itemListElement\":[{\"@type\":\"ListItem\",\"position\":1,\"name\":\"Home\",\"item\":\"https:\/\/distevi.com\/en\/\"},{\"@type\":\"ListItem\",\"position\":2,\"name\":\"Privacy Policy\"}]},{\"@type\":\"WebSite\",\"@id\":\"https:\/\/distevi.com\/en\/#website\",\"url\":\"https:\/\/distevi.com\/en\/\",\"name\":\"DISTEVI\",\"description\":\"Ingenier\u00eda de procesos - L\u00edneas de producci\u00f3n y maquinaria especial\",\"potentialAction\":[{\"@type\":\"SearchAction\",\"target\":{\"@type\":\"EntryPoint\",\"urlTemplate\":\"https:\/\/distevi.com\/en\/?s={search_term_string}\"},\"query-input\":{\"@type\":\"PropertyValueSpecification\",\"valueRequired\":true,\"valueName\":\"search_term_string\"}}],\"inLanguage\":\"en-US\"}]}<\/script>\n<!-- \/ Yoast SEO plugin. -->","yoast_head_json":{"title":"Privacy Policy &#8211; DISTEVI","robots":{"index":"noindex","follow":"follow"},"og_locale":"en_US","og_type":"article","og_title":"Privacy Policy &#8211; DISTEVI","og_description":"PRIVACY POLICY AND DATA PROTECTION &nbsp; In compliance with Regulation (EU) 2016\/679 of the European Parliament and of the Council of 27 April 2016 on the protection of natural persons with regard to the processing of personal data, repealing Directive 95\/46\/EC (hereinafter, GDPR), Law 34\/2002 of 11 July on Information Society Services and Electronic Commerce [&hellip;]","og_url":"https:\/\/distevi.com\/en\/privacy-policy\/","og_site_name":"DISTEVI","article_modified_time":"2026-02-10T10:27:57+00:00","twitter_card":"summary_large_image","twitter_misc":{"Est. reading time":"5 minutes"},"schema":{"@context":"https:\/\/schema.org","@graph":[{"@type":"WebPage","@id":"https:\/\/distevi.com\/en\/privacy-policy\/","url":"https:\/\/distevi.com\/en\/privacy-policy\/","name":"Privacy Policy &#8211; DISTEVI","isPartOf":{"@id":"https:\/\/distevi.com\/en\/#website"},"datePublished":"2023-01-16T07:20:18+00:00","dateModified":"2026-02-10T10:27:57+00:00","breadcrumb":{"@id":"https:\/\/distevi.com\/en\/privacy-policy\/#breadcrumb"},"inLanguage":"en-US","potentialAction":[{"@type":"ReadAction","target":["https:\/\/distevi.com\/en\/privacy-policy\/"]}]},{"@type":"BreadcrumbList","@id":"https:\/\/distevi.com\/en\/privacy-policy\/#breadcrumb","itemListElement":[{"@type":"ListItem","position":1,"name":"Home","item":"https:\/\/distevi.com\/en\/"},{"@type":"ListItem","position":2,"name":"Privacy Policy"}]},{"@type":"WebSite","@id":"https:\/\/distevi.com\/en\/#website","url":"https:\/\/distevi.com\/en\/","name":"DISTEVI","description":"Ingenier\u00eda de procesos - L\u00edneas de producci\u00f3n y maquinaria especial","potentialAction":[{"@type":"SearchAction","target":{"@type":"EntryPoint","urlTemplate":"https:\/\/distevi.com\/en\/?s={search_term_string}"},"query-input":{"@type":"PropertyValueSpecification","valueRequired":true,"valueName":"search_term_string"}}],"inLanguage":"en-US"}]}},"_links":{"self":[{"href":"https:\/\/distevi.com\/en\/wp-json\/wp\/v2\/pages\/1094","targetHints":{"allow":["GET"]}}],"collection":[{"href":"https:\/\/distevi.com\/en\/wp-json\/wp\/v2\/pages"}],"about":[{"href":"https:\/\/distevi.com\/en\/wp-json\/wp\/v2\/types\/page"}],"author":[{"embeddable":true,"href":"https:\/\/distevi.com\/en\/wp-json\/wp\/v2\/users\/1"}],"replies":[{"embeddable":true,"href":"https:\/\/distevi.com\/en\/wp-json\/wp\/v2\/comments?post=1094"}],"version-history":[{"count":4,"href":"https:\/\/distevi.com\/en\/wp-json\/wp\/v2\/pages\/1094\/revisions"}],"predecessor-version":[{"id":1193,"href":"https:\/\/distevi.com\/en\/wp-json\/wp\/v2\/pages\/1094\/revisions\/1193"}],"wp:attachment":[{"href":"https:\/\/distevi.com\/en\/wp-json\/wp\/v2\/media?parent=1094"}],"curies":[{"name":"wp","href":"https:\/\/api.w.org\/{rel}","templated":true}]}}